{"id":1011,"date":"2019-08-06T06:48:33","date_gmt":"2019-08-06T06:48:33","guid":{"rendered":"https:\/\/www.kulttuurikolari.fi\/?page_id=1011"},"modified":"2019-08-13T09:43:48","modified_gmt":"2019-08-13T09:43:48","slug":"galleria-2","status":"publish","type":"page","link":"https:\/\/www.kulttuurikolari.fi\/?page_id=1011","title":{"rendered":"Galleria"},"content":{"rendered":"\n<h2 class=\"wp-block-heading\">Galleria<\/h2>\n\n\n\n<h4 class=\"wp-block-heading\">Kuvia ja tunnelmaa menneist\u00e4 KulttuuriKolari-tapahtumista<\/h4>\n\n\n\n<p style=\"text-align:center\" class=\"has-text-color has-vivid-cyan-blue-color\"><strong><a href=\"https:\/\/www.kulttuurikolari.fi\/?page_id=70\">KulttuuriKolari 2018<\/a><\/strong><\/p>\n\n\n\n<p style=\"text-align:center\" class=\"has-text-color has-vivid-cyan-blue-color\"><strong><a href=\"https:\/\/www.kulttuurikolari.fi\/?page_id=999\">KulttuuriKolari 2019<\/a><\/strong><\/p>\n\n\n\n<h3 class=\"wp-block-heading\">KulttuuriKolari tunnelmavideo<\/h3>\n\n\n\n<figure class=\"wp-block-embed-youtube wp-block-embed is-type-video is-provider-youtube wp-embed-aspect-16-9 wp-has-aspect-ratio\"><div class=\"wp-block-embed__wrapper\">\n<iframe loading=\"lazy\" title=\"Kylien Kolari - Kes\u00e4Kolari ja KulttuuriKolari\" width=\"800\" height=\"450\" src=\"https:\/\/www.youtube.com\/embed\/Xe1aKVuMPPg?start=39&#038;feature=oembed\" frameborder=\"0\" allow=\"accelerometer; autoplay; encrypted-media; gyroscope; picture-in-picture\" allowfullscreen><\/iframe>\n<\/div><figcaption>Tunnelmavideo KulttuuriKolarista 2018 ja kes\u00e4markkinoista Kolarin kirkonkyl\u00e4ll\u00e4.<br>Pete Huttunen<br>Kolarin kunta \/ Leader Tunturi-Lappi ry<\/figcaption><\/figure>\n\n\n\n<p><\/p>\n","protected":false},"excerpt":{"rendered":"<p>Galleria Kuvia ja tunnelmaa menneist\u00e4 KulttuuriKolari-tapahtumista KulttuuriKolari 2018 KulttuuriKolari 2019 KulttuuriKolari tunnelmavideo<\/p>\n","protected":false},"author":2,"featured_media":0,"parent":0,"menu_order":0,"comment_status":"closed","ping_status":"closed","template":"","meta":{"footnotes":""},"class_list":["post-1011","page","type-page","status-publish"],"_links":{"self":[{"href":"https:\/\/www.kulttuurikolari.fi\/index.php?rest_route=\/wp\/v2\/pages\/1011","targetHints":{"allow":["GET"]}}],"collection":[{"href":"https:\/\/www.kulttuurikolari.fi\/index.php?rest_route=\/wp\/v2\/pages"}],"about":[{"href":"https:\/\/www.kulttuurikolari.fi\/index.php?rest_route=\/wp\/v2\/types\/page"}],"author":[{"embeddable":true,"href":"https:\/\/www.kulttuurikolari.fi\/index.php?rest_route=\/wp\/v2\/users\/2"}],"replies":[{"embeddable":true,"href":"https:\/\/www.kulttuurikolari.fi\/index.php?rest_route=%2Fwp%2Fv2%2Fcomments&post=1011"}],"version-history":[{"count":10,"href":"https:\/\/www.kulttuurikolari.fi\/index.php?rest_route=\/wp\/v2\/pages\/1011\/revisions"}],"predecessor-version":[{"id":1088,"href":"https:\/\/www.kulttuurikolari.fi\/index.php?rest_route=\/wp\/v2\/pages\/1011\/revisions\/1088"}],"wp:attachment":[{"href":"https:\/\/www.kulttuurikolari.fi\/index.php?rest_route=%2Fwp%2Fv2%2Fmedia&parent=1011"}],"curies":[{"name":"wp","href":"https:\/\/api.w.org\/{rel}","templated":true}]}}