{"id":280,"date":"2019-06-16T11:16:11","date_gmt":"2019-06-16T11:16:11","guid":{"rendered":"https:\/\/www.kulttuurikolari.fi\/?page_id=280"},"modified":"2019-06-29T08:37:32","modified_gmt":"2019-06-29T08:37:32","slug":"roskataarteet-katutaidetyopaja","status":"publish","type":"page","link":"https:\/\/www.kulttuurikolari.fi\/?page_id=280","title":{"rendered":"Roskat&#038;Aarteet -katutaidety\u00f6paja"},"content":{"rendered":"\n<div class=\"wp-block-cover aligncenter has-background-dim\" style=\"background-image:url(https:\/\/www.kulttuurikolari.fi\/wp-content\/uploads\/2019\/06\/pollution-3441119_1920-1.jpg)\"><div class=\"wp-block-cover__inner-container is-layout-flow wp-block-cover-is-layout-flow\">\n<p style=\"text-align:center\" class=\"has-large-font-size\">Roskat&amp;Aarteet <br>-katutaidety\u00f6paja<\/p>\n<\/div><\/div>\n\n\n\n<h3 class=\"wp-block-heading\">28.6. PERJANTAI<\/h3>\n\n\n\n<h4 class=\"wp-block-heading\">Kello: 9.00\u2013 12.00<br>Tavataan kello 9 kirjaston edess\u00e4<\/h4>\n\n\n\n<p><strong>Ohjaaja: P\u00e4ivi Takala \u00a0<\/strong><\/p>\n\n\n\n<h4 class=\"wp-block-heading\">Teos on nyt valmis!  <br><strong><a href=\"https:\/\/sites.google.com\/kolari.fi\/roskatjaaarteet\/etusivu\">Klikkaa itsesi Roskat&amp;Aarteet -ty\u00f6pajan nettin\u00e4yttelyyn t\u00e4st\u00e4.<\/a><\/strong><\/h4>\n\n\n\n<p>Ty\u00f6pajassa tehd\u00e4\u00e4n pieni katutaideteos yksin ja yhdess\u00e4 ymp\u00e4rist\u00f6st\u00e4 l\u00f6ytyvist\u00e4 roskista ja aarteista!&nbsp;&nbsp;&nbsp;Miss\u00e4 vaiheessa jokin muuttuu roskaksi tai turhaksi?&nbsp;&nbsp;Turhan ja roskan kauneus &#8211; onko sit\u00e4? Tule vakavissasi mutta leikkimielell\u00e4 tekem\u00e4\u00e4n l\u00f6yt\u00e4mist\u00e4mme turhista, poisheitetyist\u00e4 esineist\u00e4 taideteos.&nbsp;<\/p>\n\n\n\n<p>Ty\u00f6paja on loistava tempaus kaikille taideiloittelusta ja ymp\u00e4rist\u00f6asioista kiinnostuneille! &nbsp;Valokuvataan teos ja tehd\u00e4\u00e4n kuvista nettin\u00e4yttely.<\/p>\n\n\n\n<p>Taidekasvattaja k\u00e4sity\u00f6nopettaja P\u00e4ivi Takalan Roskat&amp;Aarteet ty\u00f6pajassa pohdintaan roskan ja aarteen suhdetta. Etel\u00e4pohjalaisl\u00e4ht\u00f6ist\u00e4 P\u00e4ivi Takalaa kiinnostaa taiteen ja k\u00e4sity\u00f6n suhde ja kest\u00e4v\u00e4 kehitys (ekologinen, sosiaalinen, kulttuurinen ja taloudellinen).<\/p>\n\n\n\n<p>Lis\u00e4tietoja saat ottamalla yhteytt\u00e4 P\u00e4ivi Takalaan s\u00e4hk\u00f6postitse: paivi.takala@kolari.fi.<\/p>\n\n\n\n<p class=\"has-text-color has-vivid-cyan-blue-color\"><a href=\"https:\/\/opistopalvelut.fi\/kolari\/course.php?l=fi&amp;t=86\">Ilmottaudu kurssille ja katso lis\u00e4tietoa opistopalvelujen sivuilta<\/a><\/p>\n\n\n\n<figure class=\"wp-block-image\"><img loading=\"lazy\" decoding=\"async\" width=\"1024\" height=\"1024\" src=\"https:\/\/www.kulttuurikolari.fi\/wp-content\/uploads\/2019\/06\/Takala-P\u00e4ivi-1024x1024.jpg\" alt=\"\" class=\"wp-image-289\" srcset=\"https:\/\/www.kulttuurikolari.fi\/wp-content\/uploads\/2019\/06\/Takala-P\u00e4ivi-1024x1024.jpg 1024w, https:\/\/www.kulttuurikolari.fi\/wp-content\/uploads\/2019\/06\/Takala-P\u00e4ivi-150x150.jpg 150w, https:\/\/www.kulttuurikolari.fi\/wp-content\/uploads\/2019\/06\/Takala-P\u00e4ivi-300x300.jpg 300w, https:\/\/www.kulttuurikolari.fi\/wp-content\/uploads\/2019\/06\/Takala-P\u00e4ivi-768x768.jpg 768w, https:\/\/www.kulttuurikolari.fi\/wp-content\/uploads\/2019\/06\/Takala-P\u00e4ivi.jpg 1564w\" sizes=\"auto, (max-width: 1024px) 100vw, 1024px\" \/><figcaption>Kuvassa ohjaaja P\u00e4ivi Takala, sek\u00e4  400 metrinen maalattu r\u00e4symatto P\u00e4ivin KulttuuriKolari 2018 ty\u00f6pajasta.<\/figcaption><\/figure>\n","protected":false},"excerpt":{"rendered":"<p>28.6. PERJANTAI Kello: 9.00\u2013 12.00Tavataan kello 9 kirjaston edess\u00e4 Ohjaaja: P\u00e4ivi Takala \u00a0 Teos on nyt valmis! Klikkaa itsesi Roskat&amp;Aarteet -ty\u00f6pajan nettin\u00e4yttelyyn t\u00e4st\u00e4. Ty\u00f6pajassa tehd\u00e4\u00e4n pieni katutaideteos yksin ja yhdess\u00e4 ymp\u00e4rist\u00f6st\u00e4 l\u00f6ytyvist\u00e4 roskista ja aarteista!&nbsp;&nbsp;&nbsp;Miss\u00e4 vaiheessa jokin muuttuu roskaksi tai turhaksi?&nbsp;&nbsp;Turhan ja roskan kauneus &#8211; onko sit\u00e4? Tule vakavissasi mutta leikkimielell\u00e4 tekem\u00e4\u00e4n l\u00f6yt\u00e4mist\u00e4mme turhista, poisheitetyist\u00e4 esineist\u00e4 taideteos.&nbsp; Ty\u00f6paja on loistava tempaus kaikille taideiloittelusta ja ymp\u00e4rist\u00f6asioista kiinnostuneille! &nbsp;Valokuvataan teos ja tehd\u00e4\u00e4n kuvista nettin\u00e4yttely. Taidekasvattaja k\u00e4sity\u00f6nopettaja P\u00e4ivi Takalan Roskat&amp;Aarteet ty\u00f6pajassa pohdintaan roskan ja aarteen suhdetta. Etel\u00e4pohjalaisl\u00e4ht\u00f6ist\u00e4 P\u00e4ivi Takalaa kiinnostaa taiteen ja k\u00e4sity\u00f6n suhde ja kest\u00e4v\u00e4 kehitys (ekologinen, sosiaalinen, kulttuurinen ja taloudellinen). Lis\u00e4tietoja saat ottamalla yhteytt\u00e4 P\u00e4ivi Takalaan s\u00e4hk\u00f6postitse: paivi.takala@kolari.fi. Ilmottaudu kurssille ja katso lis\u00e4tietoa opistopalvelujen sivuilta<\/p>\n","protected":false},"author":2,"featured_media":0,"parent":0,"menu_order":0,"comment_status":"closed","ping_status":"closed","template":"","meta":{"footnotes":""},"class_list":["post-280","page","type-page","status-publish"],"_links":{"self":[{"href":"https:\/\/www.kulttuurikolari.fi\/index.php?rest_route=\/wp\/v2\/pages\/280","targetHints":{"allow":["GET"]}}],"collection":[{"href":"https:\/\/www.kulttuurikolari.fi\/index.php?rest_route=\/wp\/v2\/pages"}],"about":[{"href":"https:\/\/www.kulttuurikolari.fi\/index.php?rest_route=\/wp\/v2\/types\/page"}],"author":[{"embeddable":true,"href":"https:\/\/www.kulttuurikolari.fi\/index.php?rest_route=\/wp\/v2\/users\/2"}],"replies":[{"embeddable":true,"href":"https:\/\/www.kulttuurikolari.fi\/index.php?rest_route=%2Fwp%2Fv2%2Fcomments&post=280"}],"version-history":[{"count":11,"href":"https:\/\/www.kulttuurikolari.fi\/index.php?rest_route=\/wp\/v2\/pages\/280\/revisions"}],"predecessor-version":[{"id":955,"href":"https:\/\/www.kulttuurikolari.fi\/index.php?rest_route=\/wp\/v2\/pages\/280\/revisions\/955"}],"wp:attachment":[{"href":"https:\/\/www.kulttuurikolari.fi\/index.php?rest_route=%2Fwp%2Fv2%2Fmedia&parent=280"}],"curies":[{"name":"wp","href":"https:\/\/api.w.org\/{rel}","templated":true}]}}