{"id":293,"date":"2019-06-16T11:16:05","date_gmt":"2019-06-16T11:16:05","guid":{"rendered":"https:\/\/www.kulttuurikolari.fi\/?page_id=293"},"modified":"2019-06-27T06:53:40","modified_gmt":"2019-06-27T06:53:40","slug":"romua-ja-rakhautta-nayttely","status":"publish","type":"page","link":"https:\/\/www.kulttuurikolari.fi\/?page_id=293","title":{"rendered":"Romua ja Rakhautta -n\u00e4yttely"},"content":{"rendered":"\n<div class=\"wp-block-cover has-background-dim\" style=\"background-image:url(https:\/\/www.kulttuurikolari.fi\/wp-content\/uploads\/2019\/06\/Alli-Katrin-karuselli-kanteen-1.jpg);background-position:34.32835820895522% 0%\"><div class=\"wp-block-cover__inner-container is-layout-flow wp-block-cover-is-layout-flow\">\n<p style=\"text-align:center\" class=\"has-text-color has-large-font-size has-very-light-gray-color\">Romua ja Rakhautta<br>-n\u00e4yttely<\/p>\n<\/div><\/div>\n\n\n\n<h2 class=\"wp-block-heading\">28.6.\u201330.6.<\/h2>\n\n\n\n<h4 class=\"wp-block-heading\">P\u00e4iv\u00e4kohtaiset aukioloajat kuvauksessa<br>Paikka: Kauppakuja 2, 95900 Kolari  <\/h4>\n\n\n\n<p>Alli Katri Forssted on ruotsalainen taitelija, jonka Romua  ja Rakhautta -n\u00e4yttely on esill\u00e4 KulttuuriKolarissa 2019. Taiden\u00e4yttelyn avajaiset j\u00e4rjestet\u00e4\u00e4n KulttuuriKolarin avauksessa perjantaina 28.6 klo. 12. Tervetuloa!<\/p>\n\n\n\n<p class=\"has-text-color has-vivid-cyan-blue-color\"><a href=\"https:\/\/www.allikatri.se\/\">Tutustu Alli katriin tarkemmin h\u00e4nen verkkosivuillaan<\/a><\/p>\n\n\n\n<p><strong>N\u00e4yttelyn aukioloajat<\/strong><\/p>\n\n\n\n<ul class=\"wp-block-list\"><li>Perjantaina kello 12\u201321 (avajaiset kello 12)<\/li><li>Lauantaina 29.6.  kello 11\u201321 <\/li><li>Sunnuntaina 30.6. kello 11\u201316 (n\u00e4yttely p\u00e4\u00e4ttyy)<\/li><\/ul>\n\n\n\n<p><strong>Alli Katri Forsstedt <\/strong>omin sanoin:<\/p>\n\n\n\n<div class=\"wp-block-image\"><figure class=\"alignright is-resized\"><img loading=\"lazy\" decoding=\"async\" src=\"https:\/\/www.kulttuurikolari.fi\/wp-content\/uploads\/2019\/06\/20190202_115310_50-913x1024.png\" alt=\"\" class=\"wp-image-297\" width=\"457\" height=\"512\" srcset=\"https:\/\/www.kulttuurikolari.fi\/wp-content\/uploads\/2019\/06\/20190202_115310_50-913x1024.png 913w, https:\/\/www.kulttuurikolari.fi\/wp-content\/uploads\/2019\/06\/20190202_115310_50-268x300.png 268w, https:\/\/www.kulttuurikolari.fi\/wp-content\/uploads\/2019\/06\/20190202_115310_50-768x861.png 768w, https:\/\/www.kulttuurikolari.fi\/wp-content\/uploads\/2019\/06\/20190202_115310_50.png 1512w\" sizes=\"auto, (max-width: 457px) 100vw, 457px\" \/><\/figure><\/div>\n\n\n\n<p>\u201dHalun luoda, tehd\u00e4 \/ luoda oma toimeentulo, per\u00e4\u00e4nantamattomuus,<br>usko siihen ett\u00e4 pystyy tekem\u00e4\u00e4n mit\u00e4 tekeekin, ei anna periksi,<br>n\u00e4ist\u00e4 aineksista minut, nainen 68v tehty.<br>Romu-taiteilija nuoruudesta l\u00e4htien.<\/p>\n\n\n\n<p>Yritt\u00e4j\u00e4, keksij\u00e4, &#8221; romunker\u00e4\u00e4j\u00e4\u201d sit\u00e4 olen ollut koko el\u00e4m\u00e4ni ajan,<br>minut l\u00f6yd\u00e4t pienen pienest\u00e4 kyl\u00e4st\u00e4 Ruotsin puoleiselta rajalta,<br>sielt\u00e4 minne uusi kaivoskin avattu, Kaunisvaarasta.<\/p>\n\n\n\n<p>Helsingist\u00e4 tulin Pajalaan reilu 22 vuotta sitten &#8221;ei mihink\u00e4\u00e4n&#8221;,<br>nyt kyl\u00e4mme nimi Kaunisvaara on kaikkien tietoisuudessa kaivostoiminnan johdosta.<\/p>\n\n\n\n<p>Avasin ensin kunnan keskustassa k\u00e4sity\u00f6 \/ matkamuisto-putiikin,<br>sill\u00e4 valmistan itsekin kaikenlaista kutomalla,<br>neulomalla, poronluusta kaivertamalla, etc\u2026.<br>Innovatiivista &nbsp;muovista SAUNA RELAX vihtaa valmistin yli 15 vuotta, myin valmistuksen ja liike-idean<br>Suomeen ja siten lopetin &nbsp;yritystoiminnan  vuodenvaihteessai 2017-18.<\/p>\n\n\n\n<p>Yritystoimintani ohella laulatin vuosikausia vanhuksia Pajalan kunnan vanhuskodeissa, siit\u00e4 innostuneena<br>syntynyt muutama &nbsp;julkaistu laulu yhdess\u00e4 Tomi Pentinpuron kanssa.&#8221;<\/p>\n\n\n\n<div class=\"wp-block-image\"><figure class=\"aligncenter is-resized\"><img loading=\"lazy\" decoding=\"async\" src=\"https:\/\/www.kulttuurikolari.fi\/wp-content\/uploads\/2019\/06\/Alli-Katrin-karuselli-kanteen-3-801x1024.jpg\" alt=\"\" class=\"wp-image-304\" width=\"601\" height=\"768\" srcset=\"https:\/\/www.kulttuurikolari.fi\/wp-content\/uploads\/2019\/06\/Alli-Katrin-karuselli-kanteen-3-801x1024.jpg 801w, https:\/\/www.kulttuurikolari.fi\/wp-content\/uploads\/2019\/06\/Alli-Katrin-karuselli-kanteen-3-235x300.jpg 235w, https:\/\/www.kulttuurikolari.fi\/wp-content\/uploads\/2019\/06\/Alli-Katrin-karuselli-kanteen-3-768x981.jpg 768w\" sizes=\"auto, (max-width: 601px) 100vw, 601px\" \/><\/figure><\/div>\n\n\n\n<div class=\"wp-block-image\"><figure class=\"aligncenter is-resized\"><img loading=\"lazy\" decoding=\"async\" src=\"https:\/\/www.kulttuurikolari.fi\/wp-content\/uploads\/2019\/06\/martin-palli-724x1024.png\" alt=\"\" class=\"wp-image-633\" width=\"543\" height=\"768\" srcset=\"https:\/\/www.kulttuurikolari.fi\/wp-content\/uploads\/2019\/06\/martin-palli-724x1024.png 724w, https:\/\/www.kulttuurikolari.fi\/wp-content\/uploads\/2019\/06\/martin-palli-212x300.png 212w, https:\/\/www.kulttuurikolari.fi\/wp-content\/uploads\/2019\/06\/martin-palli-768x1086.png 768w, https:\/\/www.kulttuurikolari.fi\/wp-content\/uploads\/2019\/06\/martin-palli.png 794w\" sizes=\"auto, (max-width: 543px) 100vw, 543px\" \/><\/figure><\/div>\n","protected":false},"excerpt":{"rendered":"<p>28.6.\u201330.6. P\u00e4iv\u00e4kohtaiset aukioloajat kuvauksessaPaikka: Kauppakuja 2, 95900 Kolari Alli Katri Forssted on ruotsalainen taitelija, jonka Romua ja Rakhautta -n\u00e4yttely on esill\u00e4 KulttuuriKolarissa 2019. Taiden\u00e4yttelyn avajaiset j\u00e4rjestet\u00e4\u00e4n KulttuuriKolarin avauksessa perjantaina 28.6 klo. 12. Tervetuloa! Tutustu Alli katriin tarkemmin h\u00e4nen verkkosivuillaan N\u00e4yttelyn aukioloajat Perjantaina kello 12\u201321 (avajaiset kello 12) Lauantaina 29.6. kello 11\u201321 Sunnuntaina 30.6. kello 11\u201316 (n\u00e4yttely p\u00e4\u00e4ttyy) Alli Katri Forsstedt omin sanoin: \u201dHalun luoda, tehd\u00e4 \/ luoda oma toimeentulo, per\u00e4\u00e4nantamattomuus,usko siihen ett\u00e4 pystyy tekem\u00e4\u00e4n mit\u00e4 tekeekin, ei anna periksi,n\u00e4ist\u00e4 aineksista minut, nainen 68v tehty.Romu-taiteilija nuoruudesta l\u00e4htien. Yritt\u00e4j\u00e4, keksij\u00e4, &#8221; romunker\u00e4\u00e4j\u00e4\u201d sit\u00e4 olen ollut koko el\u00e4m\u00e4ni ajan,minut l\u00f6yd\u00e4t pienen pienest\u00e4 kyl\u00e4st\u00e4 Ruotsin puoleiselta rajalta,sielt\u00e4 minne uusi kaivoskin avattu, Kaunisvaarasta. Helsingist\u00e4 tulin Pajalaan reilu 22 vuotta sitten &#8221;ei mihink\u00e4\u00e4n&#8221;,nyt kyl\u00e4mme nimi Kaunisvaara on kaikkien tietoisuudessa kaivostoiminnan johdosta. Avasin ensin kunnan keskustassa k\u00e4sity\u00f6 \/ matkamuisto-putiikin,sill\u00e4 valmistan itsekin kaikenlaista kutomalla,neulomalla, poronluusta kaivertamalla, etc\u2026.Innovatiivista &nbsp;muovista SAUNA RELAX vihtaa valmistin yli 15 vuotta, myin valmistuksen ja&hellip;<\/p>\n<p> <a class=\"more-link\" href=\"https:\/\/www.kulttuurikolari.fi\/?page_id=293\">Lue Lis\u00e4\u00e4<\/a><\/p>\n","protected":false},"author":2,"featured_media":0,"parent":0,"menu_order":0,"comment_status":"closed","ping_status":"closed","template":"","meta":{"footnotes":""},"class_list":["post-293","page","type-page","status-publish"],"_links":{"self":[{"href":"https:\/\/www.kulttuurikolari.fi\/index.php?rest_route=\/wp\/v2\/pages\/293","targetHints":{"allow":["GET"]}}],"collection":[{"href":"https:\/\/www.kulttuurikolari.fi\/index.php?rest_route=\/wp\/v2\/pages"}],"about":[{"href":"https:\/\/www.kulttuurikolari.fi\/index.php?rest_route=\/wp\/v2\/types\/page"}],"author":[{"embeddable":true,"href":"https:\/\/www.kulttuurikolari.fi\/index.php?rest_route=\/wp\/v2\/users\/2"}],"replies":[{"embeddable":true,"href":"https:\/\/www.kulttuurikolari.fi\/index.php?rest_route=%2Fwp%2Fv2%2Fcomments&post=293"}],"version-history":[{"count":23,"href":"https:\/\/www.kulttuurikolari.fi\/index.php?rest_route=\/wp\/v2\/pages\/293\/revisions"}],"predecessor-version":[{"id":952,"href":"https:\/\/www.kulttuurikolari.fi\/index.php?rest_route=\/wp\/v2\/pages\/293\/revisions\/952"}],"wp:attachment":[{"href":"https:\/\/www.kulttuurikolari.fi\/index.php?rest_route=%2Fwp%2Fv2%2Fmedia&parent=293"}],"curies":[{"name":"wp","href":"https:\/\/api.w.org\/{rel}","templated":true}]}}