{"id":320,"date":"2019-06-16T11:16:21","date_gmt":"2019-06-16T11:16:21","guid":{"rendered":"https:\/\/www.kulttuurikolari.fi\/?page_id=320"},"modified":"2019-06-21T11:53:55","modified_gmt":"2019-06-21T11:53:55","slug":"torniolaakson-ite-taiteen-olemuksesta-juha-eskola","status":"publish","type":"page","link":"https:\/\/www.kulttuurikolari.fi\/?page_id=320","title":{"rendered":"Torniolaakson ITE-taiteen olemuksesta &#8211; Juha Eskola"},"content":{"rendered":"\n<div class=\"wp-block-cover has-background-dim\" style=\"background-image:url(https:\/\/www.kulttuurikolari.fi\/wp-content\/uploads\/2019\/06\/IMG_0813-Olenitsa-ITE-taitelijan-piha.jpg);background-position:55.00000000000001% 29.333333333333332%\"><div class=\"wp-block-cover__inner-container is-layout-flow wp-block-cover-is-layout-flow\">\n<p style=\"text-align:center\" class=\"has-large-font-size\">V\u00e4it\u00f6skirjatutkija Juha Eskola luotaa Tornionlaakson &nbsp;ITE-taiteen olemusta<\/p>\n<\/div><\/div>\n\n\n\n<h3 class=\"wp-block-heading\">28.6 Perjantai<\/h3>\n\n\n\n<h4 class=\"wp-block-heading\">KulttuuriKolarin avajaisissa, jotka alkavat kello 12<br>Paikka: Kauppakuja 2, 95900 Kolari <\/h4>\n\n\n\n<p>Filosofian maisteri ja v\u00e4it\u00f6stutkija Juha Eskola on tehnyt Jyv\u00e4skyl\u00e4n yliopistossa pro gradu -tutkielman Tornionlaakson Itse Tehty\u00e4 El\u00e4m\u00e4st\u00e4. Eskolan mukaan ITE-taiteessa korostuu jokaisen oikeus ja mahdollisuus luovuuteen. H\u00e4nen mukaansa \u201dIhmisell\u00e4 on halu ilmaista itse\u00e4\u00e4n kuvin ja sanoin, se on synnynn\u00e4ist\u00e4\u201d. <\/p>\n\n\n\n<p>Nykykansantaide on tekij\u00e4n elinymp\u00e4rist\u00f6\u00f6n ja kokemuksiin sitoutuvaa taidetta, jossa korostuu esteettisi\u00e4 arvoja korostava el\u00e4misen tapa. Taide perustuu yksi\u00f6llisyyteen ja omaper\u00e4iseen luovuuteen, t\u00f6iss\u00e4 ilmenee k\u00e4tevyytt\u00e4 ja kekseli\u00e4isyytt\u00e4. Teokset usein tehd\u00e4\u00e4n taidemaailman k\u00e4yt\u00e4nn\u00f6ist\u00e4 poikkeavalla tavalla ja erilaisella tekniikalla. Nykykansantaide tapahtuu tekij\u00f6iden omassa elinymp\u00e4rist\u00f6ss\u00e4 ja sen ehdoilla. Teokset puhuvat henkil\u00f6kohtaisesta el\u00e4m\u00e4nkokemuksesta ja suhteesta kulttuuriymp\u00e4rist\u00f6\u00f6n. <\/p>\n\n\n\n<p>ITE-taiteen tekemisess\u00e4 on kysymys hyv\u00e4n el\u00e4m\u00e4n etsimisest\u00e4. ITE-taiteessa korostuu el\u00e4m\u00e4n keveys tai tuskallisuus. Teoksissa on l\u00e4sn\u00e4 yksitt\u00e4isen ihmisen olemisen kokemus aineellisuudesta, ep\u00e4toivo ja huoli el\u00e4m\u00e4n katoavaisuudesta sek\u00e4 henkil\u00f6kohtainen sitoutuminen omaan el\u00e4m\u00e4nkatsomuksen. ITE-taiteessa on eksistentiaalisen ajattelun kautta suhde maailmaan. Taiteen tekeminen heijastaa ihmisen itse rakentamaa jokap\u00e4iv\u00e4ist\u00e4 maailmassa olemista. <br><\/p>\n\n\n\n<p class=\"has-text-color has-vivid-cyan-blue-color\"><a href=\"https:\/\/jyx.jyu.fi\/handle\/123456789\/54916\">Tutustu Eskolan Pro gradu-tutkielmaan&nbsp;t\u00e4\u00e4lt\u00e4.<\/a><\/p>\n\n\n\n<div class=\"wp-block-image\"><figure class=\"aligncenter\"><img loading=\"lazy\" decoding=\"async\" width=\"1024\" height=\"768\" src=\"https:\/\/www.kulttuurikolari.fi\/wp-content\/uploads\/2019\/06\/IMG_0813-Olenitsa-ITE-taitelijan-piha-1024x768.jpg\" alt=\"\" class=\"wp-image-321\" srcset=\"https:\/\/www.kulttuurikolari.fi\/wp-content\/uploads\/2019\/06\/IMG_0813-Olenitsa-ITE-taitelijan-piha-1024x768.jpg 1024w, https:\/\/www.kulttuurikolari.fi\/wp-content\/uploads\/2019\/06\/IMG_0813-Olenitsa-ITE-taitelijan-piha-300x225.jpg 300w, https:\/\/www.kulttuurikolari.fi\/wp-content\/uploads\/2019\/06\/IMG_0813-Olenitsa-ITE-taitelijan-piha-768x576.jpg 768w\" sizes=\"auto, (max-width: 1024px) 100vw, 1024px\" \/><\/figure><\/div>\n\n\n\n<div class=\"wp-block-image\"><figure class=\"aligncenter\"><img loading=\"lazy\" decoding=\"async\" width=\"1024\" height=\"768\" src=\"https:\/\/www.kulttuurikolari.fi\/wp-content\/uploads\/2019\/06\/IMG_0668-Tsapoman-kyl\u00e4n-rannan-heikkaa-ja-kentt\u00e4kuvaaja-Juha-Eskola-1024x768.jpg\" alt=\"\" class=\"wp-image-317\" srcset=\"https:\/\/www.kulttuurikolari.fi\/wp-content\/uploads\/2019\/06\/IMG_0668-Tsapoman-kyl\u00e4n-rannan-heikkaa-ja-kentt\u00e4kuvaaja-Juha-Eskola-1024x768.jpg 1024w, https:\/\/www.kulttuurikolari.fi\/wp-content\/uploads\/2019\/06\/IMG_0668-Tsapoman-kyl\u00e4n-rannan-heikkaa-ja-kentt\u00e4kuvaaja-Juha-Eskola-300x225.jpg 300w, https:\/\/www.kulttuurikolari.fi\/wp-content\/uploads\/2019\/06\/IMG_0668-Tsapoman-kyl\u00e4n-rannan-heikkaa-ja-kentt\u00e4kuvaaja-Juha-Eskola-768x576.jpg 768w\" sizes=\"auto, (max-width: 1024px) 100vw, 1024px\" \/><figcaption>Kyl\u00e4n rannan hiekkaaja ja kentt\u00e4kuvaaja Juha Eskola.<\/figcaption><\/figure><\/div>\n\n\n\n<div class=\"wp-block-image\"><figure class=\"aligncenter\"><img loading=\"lazy\" decoding=\"async\" width=\"1024\" height=\"768\" src=\"https:\/\/www.kulttuurikolari.fi\/wp-content\/uploads\/2019\/06\/IMG_1565-Kuusiniemi-joki-ylitetty-ja-kyyti\u00e4-odotetaan.-Juha-eskola-1024x768.jpg\" alt=\"\" class=\"wp-image-325\" srcset=\"https:\/\/www.kulttuurikolari.fi\/wp-content\/uploads\/2019\/06\/IMG_1565-Kuusiniemi-joki-ylitetty-ja-kyyti\u00e4-odotetaan.-Juha-eskola-1024x768.jpg 1024w, https:\/\/www.kulttuurikolari.fi\/wp-content\/uploads\/2019\/06\/IMG_1565-Kuusiniemi-joki-ylitetty-ja-kyyti\u00e4-odotetaan.-Juha-eskola-300x225.jpg 300w, https:\/\/www.kulttuurikolari.fi\/wp-content\/uploads\/2019\/06\/IMG_1565-Kuusiniemi-joki-ylitetty-ja-kyyti\u00e4-odotetaan.-Juha-eskola-768x576.jpg 768w, https:\/\/www.kulttuurikolari.fi\/wp-content\/uploads\/2019\/06\/IMG_1565-Kuusiniemi-joki-ylitetty-ja-kyyti\u00e4-odotetaan.-Juha-eskola.jpg 2048w\" sizes=\"auto, (max-width: 1024px) 100vw, 1024px\" \/><figcaption>Kuusiniemi. Joki ylitetty ja kyyti\u00e4 odotetaan!<\/figcaption><\/figure><\/div>\n","protected":false},"excerpt":{"rendered":"<p>28.6 Perjantai KulttuuriKolarin avajaisissa, jotka alkavat kello 12Paikka: Kauppakuja 2, 95900 Kolari Filosofian maisteri ja v\u00e4it\u00f6stutkija Juha Eskola on tehnyt Jyv\u00e4skyl\u00e4n yliopistossa pro gradu -tutkielman Tornionlaakson Itse Tehty\u00e4 El\u00e4m\u00e4st\u00e4. Eskolan mukaan ITE-taiteessa korostuu jokaisen oikeus ja mahdollisuus luovuuteen. H\u00e4nen mukaansa \u201dIhmisell\u00e4 on halu ilmaista itse\u00e4\u00e4n kuvin ja sanoin, se on synnynn\u00e4ist\u00e4\u201d. Nykykansantaide on tekij\u00e4n elinymp\u00e4rist\u00f6\u00f6n ja kokemuksiin sitoutuvaa taidetta, jossa korostuu esteettisi\u00e4 arvoja korostava el\u00e4misen tapa. Taide perustuu yksi\u00f6llisyyteen ja omaper\u00e4iseen luovuuteen, t\u00f6iss\u00e4 ilmenee k\u00e4tevyytt\u00e4 ja kekseli\u00e4isyytt\u00e4. Teokset usein tehd\u00e4\u00e4n taidemaailman k\u00e4yt\u00e4nn\u00f6ist\u00e4 poikkeavalla tavalla ja erilaisella tekniikalla. Nykykansantaide tapahtuu tekij\u00f6iden omassa elinymp\u00e4rist\u00f6ss\u00e4 ja sen ehdoilla. Teokset puhuvat henkil\u00f6kohtaisesta el\u00e4m\u00e4nkokemuksesta ja suhteesta kulttuuriymp\u00e4rist\u00f6\u00f6n. ITE-taiteen tekemisess\u00e4 on kysymys hyv\u00e4n el\u00e4m\u00e4n etsimisest\u00e4. ITE-taiteessa korostuu el\u00e4m\u00e4n keveys tai tuskallisuus. Teoksissa on l\u00e4sn\u00e4 yksitt\u00e4isen ihmisen olemisen kokemus aineellisuudesta, ep\u00e4toivo ja huoli el\u00e4m\u00e4n katoavaisuudesta sek\u00e4 henkil\u00f6kohtainen sitoutuminen omaan el\u00e4m\u00e4nkatsomuksen. ITE-taiteessa on eksistentiaalisen ajattelun kautta suhde maailmaan. Taiteen tekeminen heijastaa ihmisen itse rakentamaa jokap\u00e4iv\u00e4ist\u00e4 maailmassa olemista. Tutustu&hellip;<\/p>\n<p> <a class=\"more-link\" href=\"https:\/\/www.kulttuurikolari.fi\/?page_id=320\">Lue Lis\u00e4\u00e4<\/a><\/p>\n","protected":false},"author":2,"featured_media":0,"parent":0,"menu_order":0,"comment_status":"closed","ping_status":"closed","template":"","meta":{"footnotes":""},"class_list":["post-320","page","type-page","status-publish"],"_links":{"self":[{"href":"https:\/\/www.kulttuurikolari.fi\/index.php?rest_route=\/wp\/v2\/pages\/320","targetHints":{"allow":["GET"]}}],"collection":[{"href":"https:\/\/www.kulttuurikolari.fi\/index.php?rest_route=\/wp\/v2\/pages"}],"about":[{"href":"https:\/\/www.kulttuurikolari.fi\/index.php?rest_route=\/wp\/v2\/types\/page"}],"author":[{"embeddable":true,"href":"https:\/\/www.kulttuurikolari.fi\/index.php?rest_route=\/wp\/v2\/users\/2"}],"replies":[{"embeddable":true,"href":"https:\/\/www.kulttuurikolari.fi\/index.php?rest_route=%2Fwp%2Fv2%2Fcomments&post=320"}],"version-history":[{"count":10,"href":"https:\/\/www.kulttuurikolari.fi\/index.php?rest_route=\/wp\/v2\/pages\/320\/revisions"}],"predecessor-version":[{"id":827,"href":"https:\/\/www.kulttuurikolari.fi\/index.php?rest_route=\/wp\/v2\/pages\/320\/revisions\/827"}],"wp:attachment":[{"href":"https:\/\/www.kulttuurikolari.fi\/index.php?rest_route=%2Fwp%2Fv2%2Fmedia&parent=320"}],"curies":[{"name":"wp","href":"https:\/\/api.w.org\/{rel}","templated":true}]}}