{"id":330,"date":"2019-06-16T11:15:53","date_gmt":"2019-06-16T11:15:53","guid":{"rendered":"https:\/\/www.kulttuurikolari.fi\/?page_id=330"},"modified":"2019-06-21T11:04:23","modified_gmt":"2019-06-21T11:04:23","slug":"pepi-reinikainen-kirjaesittely","status":"publish","type":"page","link":"https:\/\/www.kulttuurikolari.fi\/?page_id=330","title":{"rendered":"Pepi Reinikainen &#8211; kirjaesittely"},"content":{"rendered":"\n<div class=\"wp-block-cover has-background-dim\" style=\"background-image:url(https:\/\/www.kulttuurikolari.fi\/wp-content\/uploads\/2019\/06\/Reinikainen_Pepi_350px.jpg);background-position:46.09375% 34.11764705882353%\"><div class=\"wp-block-cover__inner-container is-layout-flow wp-block-cover-is-layout-flow\">\n<p style=\"text-align:center\" class=\"has-large-font-size\"><strong>Pepi Reinikainen esittelee teostaan &nbsp;Nuoruuteni Nunnala \u2013 Sis\u00e4oppilaitoksen salatut&nbsp;<\/strong><strong>vuodet<\/strong><\/p>\n<\/div><\/div>\n\n\n\n<h3 class=\"wp-block-heading\">Perjantai 28.6<\/h3>\n\n\n\n<div class=\"wp-block-image\"><figure class=\"alignright\"><img loading=\"lazy\" decoding=\"async\" width=\"295\" height=\"295\" src=\"https:\/\/www.kulttuurikolari.fi\/wp-content\/uploads\/2019\/06\/Nuoruuteni-nunnala.jpg\" alt=\"\" class=\"wp-image-620\" srcset=\"https:\/\/www.kulttuurikolari.fi\/wp-content\/uploads\/2019\/06\/Nuoruuteni-nunnala.jpg 295w, https:\/\/www.kulttuurikolari.fi\/wp-content\/uploads\/2019\/06\/Nuoruuteni-nunnala-150x150.jpg 150w\" sizes=\"auto, (max-width: 295px) 100vw, 295px\" \/><\/figure><\/div>\n\n\n\n<h4 class=\"wp-block-heading\">Kello: 13.30<br>Paikka: Kauppakuja 2, 95900 Kolari  <\/h4>\n\n\n\n<div class=\"wp-block-image\"><figure class=\"alignleft is-resized\"><img loading=\"lazy\" decoding=\"async\" src=\"https:\/\/www.kulttuurikolari.fi\/wp-content\/uploads\/2019\/06\/Pepi_Reinikainen-250x252.jpg\" alt=\"\" class=\"wp-image-618\" width=\"250\" height=\"252\" srcset=\"https:\/\/www.kulttuurikolari.fi\/wp-content\/uploads\/2019\/06\/Pepi_Reinikainen-250x252.jpg 250w, https:\/\/www.kulttuurikolari.fi\/wp-content\/uploads\/2019\/06\/Pepi_Reinikainen-250x252-150x150.jpg 150w\" sizes=\"auto, (max-width: 250px) 100vw, 250px\" \/><\/figure><\/div>\n\n\n\n<p><strong>Pepi Reinikainen<\/strong> on psykoterapeutti ja kirjailija sek\u00e4 el\u00e4m\u00e4kertakirjoittamiseen ja -prosessointiin tarkoitetun El\u00e4m\u00e4nkaarikirjoitus-mallin kehitt\u00e4j\u00e4. Reinikainen toimii vapaana kirjailijana ja kouluttajana<strong>.<\/strong><\/p>\n\n\n\n<p>Lukuisia kauno- ja tietokirjoja julkaissut Pepi Reinikainen esittelee KulttuuriKolarissa teostaan Nuoruuteni Nunnala, joka kertoo p\u00e4iv\u00e4kirjamerkint\u00f6ihin perustuen porvoolaisen sis\u00e4oppilaitoksen ahdistavasta el\u00e4m\u00e4st\u00e4. <\/p>\n\n\n\n<p><\/p>\n\n\n\n<p class=\"has-text-color has-vivid-cyan-blue-color\"><a href=\"https:\/\/www.docendo.fi\/nuoruuteni-nunnala-sisaoppilaitoksen-salatut-vuodet-pepi-reinikainen.html\">Tutustu kirjan tarkempaan kuvaukseen Docendon sivuilla<\/a><br><a href=\"https:\/\/www.is.fi\/kotimaa\/art-2000005828446.html\">Lue Ilta-Sanomien haastattelu Nunnalan nuoruudesta<\/a> <\/p>\n\n\n\n<div class=\"wp-block-image\"><figure class=\"aligncenter is-resized\"><img loading=\"lazy\" decoding=\"async\" src=\"https:\/\/www.kulttuurikolari.fi\/wp-content\/uploads\/2019\/06\/Reinikainen_Pepi_350px.jpg\" alt=\"\" class=\"wp-image-328\" width=\"350\" height=\"467\" srcset=\"https:\/\/www.kulttuurikolari.fi\/wp-content\/uploads\/2019\/06\/Reinikainen_Pepi_350px.jpg 350w, https:\/\/www.kulttuurikolari.fi\/wp-content\/uploads\/2019\/06\/Reinikainen_Pepi_350px-225x300.jpg 225w\" sizes=\"auto, (max-width: 350px) 100vw, 350px\" \/><figcaption>Pepi Reinikainen<\/figcaption><\/figure><\/div>\n","protected":false},"excerpt":{"rendered":"<p>Perjantai 28.6 Kello: 13.30Paikka: Kauppakuja 2, 95900 Kolari Pepi Reinikainen on psykoterapeutti ja kirjailija sek\u00e4 el\u00e4m\u00e4kertakirjoittamiseen ja -prosessointiin tarkoitetun El\u00e4m\u00e4nkaarikirjoitus-mallin kehitt\u00e4j\u00e4. Reinikainen toimii vapaana kirjailijana ja kouluttajana. Lukuisia kauno- ja tietokirjoja julkaissut Pepi Reinikainen esittelee KulttuuriKolarissa teostaan Nuoruuteni Nunnala, joka kertoo p\u00e4iv\u00e4kirjamerkint\u00f6ihin perustuen porvoolaisen sis\u00e4oppilaitoksen ahdistavasta el\u00e4m\u00e4st\u00e4. Tutustu kirjan tarkempaan kuvaukseen Docendon sivuillaLue Ilta-Sanomien haastattelu Nunnalan nuoruudesta<\/p>\n","protected":false},"author":2,"featured_media":0,"parent":0,"menu_order":0,"comment_status":"closed","ping_status":"closed","template":"","meta":{"footnotes":""},"class_list":["post-330","page","type-page","status-publish"],"_links":{"self":[{"href":"https:\/\/www.kulttuurikolari.fi\/index.php?rest_route=\/wp\/v2\/pages\/330","targetHints":{"allow":["GET"]}}],"collection":[{"href":"https:\/\/www.kulttuurikolari.fi\/index.php?rest_route=\/wp\/v2\/pages"}],"about":[{"href":"https:\/\/www.kulttuurikolari.fi\/index.php?rest_route=\/wp\/v2\/types\/page"}],"author":[{"embeddable":true,"href":"https:\/\/www.kulttuurikolari.fi\/index.php?rest_route=\/wp\/v2\/users\/2"}],"replies":[{"embeddable":true,"href":"https:\/\/www.kulttuurikolari.fi\/index.php?rest_route=%2Fwp%2Fv2%2Fcomments&post=330"}],"version-history":[{"count":12,"href":"https:\/\/www.kulttuurikolari.fi\/index.php?rest_route=\/wp\/v2\/pages\/330\/revisions"}],"predecessor-version":[{"id":821,"href":"https:\/\/www.kulttuurikolari.fi\/index.php?rest_route=\/wp\/v2\/pages\/330\/revisions\/821"}],"wp:attachment":[{"href":"https:\/\/www.kulttuurikolari.fi\/index.php?rest_route=%2Fwp%2Fv2%2Fmedia&parent=330"}],"curies":[{"name":"wp","href":"https:\/\/api.w.org\/{rel}","templated":true}]}}