{"id":353,"date":"2019-06-16T11:14:11","date_gmt":"2019-06-16T11:14:11","guid":{"rendered":"https:\/\/www.kulttuurikolari.fi\/?page_id=353"},"modified":"2019-06-21T10:55:31","modified_gmt":"2019-06-21T10:55:31","slug":"johanna-laitilan-kirjaesittely","status":"publish","type":"page","link":"https:\/\/www.kulttuurikolari.fi\/?page_id=353","title":{"rendered":"Johanna Laitilan kirjaesittely"},"content":{"rendered":"\n<div class=\"wp-block-cover has-background-dim\" style=\"background-image:url(https:\/\/www.kulttuurikolari.fi\/wp-content\/uploads\/2019\/06\/Johanna_Laitila.png);background-position:63.5% 11.940298507462686%\"><div class=\"wp-block-cover__inner-container is-layout-flow wp-block-cover-is-layout-flow\">\n<p style=\"text-align:center\" class=\"has-large-font-size\"><strong>Johanna Laitila kertoo romaanistaan Lilium regale<\/strong><\/p>\n<\/div><\/div>\n\n\n\n<h3 class=\"wp-block-heading\">PERJANTAI 28.6 <\/h3>\n\n\n\n<h4 class=\"wp-block-heading\">Kello: 15.00<br>Paikka: Kauppakuja 2, 95900 Kolari <\/h4>\n\n\n\n<p><strong>Johanna Laitila<\/strong> (s. 1986) on kotoisin Rovaniemelt\u00e4 ja asuu p\u00e4\u00e4kaupunkiseudulla. H\u00e4nen sukunsa juuret \u00e4idin puolelta ulottuvat kolarin Sieppij\u00e4rvelle. Intohimoihin lukeutuu elokuvien ohella valokuvaus ja tarinoiden muutosvoima. H\u00e4n ty\u00f6skenteli viisi vuotta englannin laitoksen tutkijana ja opettajana Skotlannissa. V\u00e4it\u00f6skirjassaan Laitila tutkii sodanj\u00e4lkeist\u00e4 brittielokuvaa. <\/p>\n\n\n\n<p>KulttuuriKolarissa Johanna Laitila kertoo esikoisromaanistaan Lilium regale, jossa p\u00e4\u00e4henkil\u00f6 l\u00e4htee nuorena tytt\u00f6n\u00e4 Lapin sodasta ensin evakkoon Ruotsiin ja palaa lopulta Torniolaakson kotona k\u00e4ymisen j\u00e4lkeen rajan toiselle puolelle pakoon. Kirja pit\u00e4\u00e4 sis\u00e4ll\u00e4\u00e4n niin rakkautta, kuin sotaa, sek\u00e4 naisten vaiettuja tarinoita. <\/p>\n\n\n\n<p>Laitilan kieli on v\u00e4risytt\u00e4v\u00e4n aistivoimaista ja kuvallista, pohjoisen murteella h\u00f6ystetty\u00e4. \u201dMurre, jota kirjassa puhutaan, on \u00e4itini murretta. Se on ensimm\u00e4ist\u00e4 kielt\u00e4, jota olen kuullut\u201d, h\u00e4n kertoo.<\/p>\n\n\n\n<p class=\"has-text-color has-vivid-cyan-blue-color\"><a href=\"https:\/\/areena.yle.fi\/1-50092028\">Tutustu kirjaan kuuntelemalla YLE Areenan Aamun kirja<\/a><\/p>\n\n\n\n<div class=\"wp-block-image\"><figure class=\"aligncenter is-resized\"><img loading=\"lazy\" decoding=\"async\" src=\"https:\/\/www.kulttuurikolari.fi\/wp-content\/uploads\/2019\/06\/lilium_regale13058.jpg\" alt=\"\" class=\"wp-image-595\" width=\"304\" height=\"441\" srcset=\"https:\/\/www.kulttuurikolari.fi\/wp-content\/uploads\/2019\/06\/lilium_regale13058.jpg 304w, https:\/\/www.kulttuurikolari.fi\/wp-content\/uploads\/2019\/06\/lilium_regale13058-207x300.jpg 207w\" sizes=\"auto, (max-width: 304px) 100vw, 304px\" \/><\/figure><\/div>\n\n\n\n<div class=\"wp-block-image\"><figure class=\"aligncenter is-resized\"><img loading=\"lazy\" decoding=\"async\" src=\"https:\/\/www.kulttuurikolari.fi\/wp-content\/uploads\/2019\/06\/pasted-image-0.png\" alt=\"\" class=\"wp-image-332\" width=\"533\" height=\"800\" srcset=\"https:\/\/www.kulttuurikolari.fi\/wp-content\/uploads\/2019\/06\/pasted-image-0.png 533w, https:\/\/www.kulttuurikolari.fi\/wp-content\/uploads\/2019\/06\/pasted-image-0-200x300.png 200w\" sizes=\"auto, (max-width: 533px) 100vw, 533px\" \/><figcaption>Johanna Laitila<\/figcaption><\/figure><\/div>\n\n\n\n<p><strong>Haastattelijana<\/strong> toimii kirjastonhoitaja, Lapin kirjallisuusseuran varapuheenjohtaja Irene Piippola. Filosofian maisteri Piippola on my\u00f6s sanataiteen monitoimija, joka k\u00e4\u00e4nt\u00e4\u00e4 (saame-suomi) ja luo omia tekstej\u00e4 taiteilijanimell\u00e4 Inka Iki-Ihana.<\/p>\n\n\n\n<div class=\"wp-block-image\"><figure class=\"aligncenter is-resized\"><img loading=\"lazy\" decoding=\"async\" src=\"https:\/\/www.kulttuurikolari.fi\/wp-content\/uploads\/2019\/05\/Omakuva_Pajala.jpg\" alt=\"\" class=\"wp-image-209\" width=\"335\" height=\"360\" srcset=\"https:\/\/www.kulttuurikolari.fi\/wp-content\/uploads\/2019\/05\/Omakuva_Pajala.jpg 335w, https:\/\/www.kulttuurikolari.fi\/wp-content\/uploads\/2019\/05\/Omakuva_Pajala-279x300.jpg 279w\" sizes=\"auto, (max-width: 335px) 100vw, 335px\" \/><figcaption>Haastattelija Irene Piippola<\/figcaption><\/figure><\/div>\n","protected":false},"excerpt":{"rendered":"<p>PERJANTAI 28.6 Kello: 15.00Paikka: Kauppakuja 2, 95900 Kolari Johanna Laitila (s. 1986) on kotoisin Rovaniemelt\u00e4 ja asuu p\u00e4\u00e4kaupunkiseudulla. H\u00e4nen sukunsa juuret \u00e4idin puolelta ulottuvat kolarin Sieppij\u00e4rvelle. Intohimoihin lukeutuu elokuvien ohella valokuvaus ja tarinoiden muutosvoima. H\u00e4n ty\u00f6skenteli viisi vuotta englannin laitoksen tutkijana ja opettajana Skotlannissa. V\u00e4it\u00f6skirjassaan Laitila tutkii sodanj\u00e4lkeist\u00e4 brittielokuvaa. KulttuuriKolarissa Johanna Laitila kertoo esikoisromaanistaan Lilium regale, jossa p\u00e4\u00e4henkil\u00f6 l\u00e4htee nuorena tytt\u00f6n\u00e4 Lapin sodasta ensin evakkoon Ruotsiin ja palaa lopulta Torniolaakson kotona k\u00e4ymisen j\u00e4lkeen rajan toiselle puolelle pakoon. Kirja pit\u00e4\u00e4 sis\u00e4ll\u00e4\u00e4n niin rakkautta, kuin sotaa, sek\u00e4 naisten vaiettuja tarinoita. Laitilan kieli on v\u00e4risytt\u00e4v\u00e4n aistivoimaista ja kuvallista, pohjoisen murteella h\u00f6ystetty\u00e4. \u201dMurre, jota kirjassa puhutaan, on \u00e4itini murretta. Se on ensimm\u00e4ist\u00e4 kielt\u00e4, jota olen kuullut\u201d, h\u00e4n kertoo. Tutustu kirjaan kuuntelemalla YLE Areenan Aamun kirja Haastattelijana toimii kirjastonhoitaja, Lapin kirjallisuusseuran varapuheenjohtaja Irene Piippola. Filosofian maisteri Piippola on my\u00f6s sanataiteen monitoimija, joka k\u00e4\u00e4nt\u00e4\u00e4 (saame-suomi) ja luo omia tekstej\u00e4 taiteilijanimell\u00e4 Inka Iki-Ihana.<\/p>\n","protected":false},"author":2,"featured_media":0,"parent":0,"menu_order":0,"comment_status":"closed","ping_status":"closed","template":"","meta":{"footnotes":""},"class_list":["post-353","page","type-page","status-publish"],"_links":{"self":[{"href":"https:\/\/www.kulttuurikolari.fi\/index.php?rest_route=\/wp\/v2\/pages\/353","targetHints":{"allow":["GET"]}}],"collection":[{"href":"https:\/\/www.kulttuurikolari.fi\/index.php?rest_route=\/wp\/v2\/pages"}],"about":[{"href":"https:\/\/www.kulttuurikolari.fi\/index.php?rest_route=\/wp\/v2\/types\/page"}],"author":[{"embeddable":true,"href":"https:\/\/www.kulttuurikolari.fi\/index.php?rest_route=\/wp\/v2\/users\/2"}],"replies":[{"embeddable":true,"href":"https:\/\/www.kulttuurikolari.fi\/index.php?rest_route=%2Fwp%2Fv2%2Fcomments&post=353"}],"version-history":[{"count":19,"href":"https:\/\/www.kulttuurikolari.fi\/index.php?rest_route=\/wp\/v2\/pages\/353\/revisions"}],"predecessor-version":[{"id":810,"href":"https:\/\/www.kulttuurikolari.fi\/index.php?rest_route=\/wp\/v2\/pages\/353\/revisions\/810"}],"wp:attachment":[{"href":"https:\/\/www.kulttuurikolari.fi\/index.php?rest_route=%2Fwp%2Fv2%2Fmedia&parent=353"}],"curies":[{"name":"wp","href":"https:\/\/api.w.org\/{rel}","templated":true}]}}