{"id":365,"date":"2019-06-16T11:16:32","date_gmt":"2019-06-16T11:16:32","guid":{"rendered":"https:\/\/www.kulttuurikolari.fi\/?page_id=365"},"modified":"2019-06-21T11:54:15","modified_gmt":"2019-06-21T11:54:15","slug":"vaattojarven-amatoorinayttelijat","status":"publish","type":"page","link":"https:\/\/www.kulttuurikolari.fi\/?page_id=365","title":{"rendered":"Vaattoj\u00e4rven amat\u00f6\u00f6rin\u00e4yttelij\u00e4t"},"content":{"rendered":"\n<div class=\"wp-block-cover has-background-dim\" style=\"background-image:url(https:\/\/www.kulttuurikolari.fi\/wp-content\/uploads\/2019\/06\/pasted-image-0-1-1.png);background-position:39% 28.666666666666668%\"><div class=\"wp-block-cover__inner-container is-layout-flow wp-block-cover-is-layout-flow\">\n<p style=\"text-align:center\" class=\"has-large-font-size\"><strong>Kolari esitt\u00e4\u00e4:<\/strong>&nbsp;<strong>Vaattoj\u00e4rven amat\u00f6\u00f6rin\u00e4yttelij\u00e4<\/strong>t<\/p>\n<\/div><\/div>\n\n\n\n<h3 class=\"wp-block-heading\">Perjantai 28.6<\/h3>\n\n\n\n<h4 class=\"wp-block-heading\">Kello: 17.00<br>Paikka: Kauppakuja 2, 95900 Kolari <\/h4>\n\n\n\n<p>Kylien Kolari tuo luvalle mahtavan teatteriesityksen, kun Vaattoj\u00e4rven amat\u00f6\u00f6rin\u00e4yttelij\u00e4t tulevat KulttuuriKolariin. Teknologiaspektaakkeli eli puhelinlinjoista valokaapeliin! Ohjaus Jyrki Vaattovaara.<\/p>\n\n\n\n<p>N\u00e4ytelm\u00e4 esitettiin &nbsp;Vaattoj\u00e4rven kyl\u00e4n valokuitujuhlassa kev\u00e4\u00e4ll\u00e4 2019.<\/p>\n\n\n\n<div class=\"wp-block-image\"><figure class=\"aligncenter\"><img loading=\"lazy\" decoding=\"async\" width=\"1024\" height=\"763\" src=\"https:\/\/www.kulttuurikolari.fi\/wp-content\/uploads\/2019\/06\/pasted-image-0-1-1-1024x763.png\" alt=\"\" class=\"wp-image-366\" srcset=\"https:\/\/www.kulttuurikolari.fi\/wp-content\/uploads\/2019\/06\/pasted-image-0-1-1-1024x763.png 1024w, https:\/\/www.kulttuurikolari.fi\/wp-content\/uploads\/2019\/06\/pasted-image-0-1-1-300x224.png 300w, https:\/\/www.kulttuurikolari.fi\/wp-content\/uploads\/2019\/06\/pasted-image-0-1-1-768x572.png 768w, https:\/\/www.kulttuurikolari.fi\/wp-content\/uploads\/2019\/06\/pasted-image-0-1-1.png 1550w\" sizes=\"auto, (max-width: 1024px) 100vw, 1024px\" \/><\/figure><\/div>\n\n\n\n<p><strong>Kylien Kolari<\/strong><\/p>\n\n\n\n<p>Tarinallinen Kyl\u00e4matkailu Kolarissa vie sinut Yll\u00e4stunturin tuhansia metrej\u00e4 korkealta huipulta aina Lappean suurkaupunkiin, kolarilaiseen perim\u00e4tietoon ja lappilaiseen v\u00e4rikyn\u00e4\u00e4n tukeutuen.<\/p>\n\n\n\n<p class=\"has-text-color has-vivid-cyan-blue-color\"><a href=\"http:\/\/kylienkolari.fi\/\">Tutustu KylienKolari -hankkeeseen KylienKolarin verkkosivuilla<\/a><\/p>\n\n\n\n<div class=\"wp-block-image\"><figure class=\"aligncenter\"><img loading=\"lazy\" decoding=\"async\" width=\"1024\" height=\"283\" src=\"https:\/\/www.kulttuurikolari.fi\/wp-content\/uploads\/2019\/06\/kylienkolari_logo-1024x283.png\" alt=\"\" class=\"wp-image-667\" srcset=\"https:\/\/www.kulttuurikolari.fi\/wp-content\/uploads\/2019\/06\/kylienkolari_logo-1024x283.png 1024w, https:\/\/www.kulttuurikolari.fi\/wp-content\/uploads\/2019\/06\/kylienkolari_logo-300x83.png 300w, https:\/\/www.kulttuurikolari.fi\/wp-content\/uploads\/2019\/06\/kylienkolari_logo-768x212.png 768w\" sizes=\"auto, (max-width: 1024px) 100vw, 1024px\" \/><\/figure><\/div>\n","protected":false},"excerpt":{"rendered":"<p>Perjantai 28.6 Kello: 17.00Paikka: Kauppakuja 2, 95900 Kolari Kylien Kolari tuo luvalle mahtavan teatteriesityksen, kun Vaattoj\u00e4rven amat\u00f6\u00f6rin\u00e4yttelij\u00e4t tulevat KulttuuriKolariin. Teknologiaspektaakkeli eli puhelinlinjoista valokaapeliin! Ohjaus Jyrki Vaattovaara. N\u00e4ytelm\u00e4 esitettiin &nbsp;Vaattoj\u00e4rven kyl\u00e4n valokuitujuhlassa kev\u00e4\u00e4ll\u00e4 2019. Kylien Kolari Tarinallinen Kyl\u00e4matkailu Kolarissa vie sinut Yll\u00e4stunturin tuhansia metrej\u00e4 korkealta huipulta aina Lappean suurkaupunkiin, kolarilaiseen perim\u00e4tietoon ja lappilaiseen v\u00e4rikyn\u00e4\u00e4n tukeutuen. Tutustu KylienKolari -hankkeeseen KylienKolarin verkkosivuilla<\/p>\n","protected":false},"author":2,"featured_media":0,"parent":0,"menu_order":0,"comment_status":"closed","ping_status":"closed","template":"","meta":{"footnotes":""},"class_list":["post-365","page","type-page","status-publish"],"_links":{"self":[{"href":"https:\/\/www.kulttuurikolari.fi\/index.php?rest_route=\/wp\/v2\/pages\/365","targetHints":{"allow":["GET"]}}],"collection":[{"href":"https:\/\/www.kulttuurikolari.fi\/index.php?rest_route=\/wp\/v2\/pages"}],"about":[{"href":"https:\/\/www.kulttuurikolari.fi\/index.php?rest_route=\/wp\/v2\/types\/page"}],"author":[{"embeddable":true,"href":"https:\/\/www.kulttuurikolari.fi\/index.php?rest_route=\/wp\/v2\/users\/2"}],"replies":[{"embeddable":true,"href":"https:\/\/www.kulttuurikolari.fi\/index.php?rest_route=%2Fwp%2Fv2%2Fcomments&post=365"}],"version-history":[{"count":8,"href":"https:\/\/www.kulttuurikolari.fi\/index.php?rest_route=\/wp\/v2\/pages\/365\/revisions"}],"predecessor-version":[{"id":829,"href":"https:\/\/www.kulttuurikolari.fi\/index.php?rest_route=\/wp\/v2\/pages\/365\/revisions\/829"}],"wp:attachment":[{"href":"https:\/\/www.kulttuurikolari.fi\/index.php?rest_route=%2Fwp%2Fv2%2Fmedia&parent=365"}],"curies":[{"name":"wp","href":"https:\/\/api.w.org\/{rel}","templated":true}]}}