{"id":370,"date":"2019-06-16T11:12:43","date_gmt":"2019-06-16T11:12:43","guid":{"rendered":"https:\/\/www.kulttuurikolari.fi\/?page_id=370"},"modified":"2019-06-24T06:33:33","modified_gmt":"2019-06-24T06:33:33","slug":"alli-katri-forsstedtin-laulu-ja-tomi-pentinpuron-saestys-laulullinen-ilta","status":"publish","type":"page","link":"https:\/\/www.kulttuurikolari.fi\/?page_id=370","title":{"rendered":"Alli Katri Forsstedtin (laulu) ja Tomi Pentinpuron (s\u00e4estys) yhteislauluilta"},"content":{"rendered":"\n<div class=\"wp-block-cover has-background-dim\" style=\"background-image:url(https:\/\/www.kulttuurikolari.fi\/wp-content\/uploads\/2019\/06\/My-Post-1-1.png)\"><div class=\"wp-block-cover__inner-container is-layout-flow wp-block-cover-is-layout-flow\">\n<p style=\"text-align:center\" class=\"has-large-font-size\"><strong>Alli Katri Forsstedtin (laulu) ja Tomi Pentinpuron (s\u00e4estys) yhteislauluilta<\/strong><\/p>\n<\/div><\/div>\n\n\n\n<h3 class=\"wp-block-heading\">Perjantai 28.6<\/h3>\n\n\n\n<h4 class=\"wp-block-heading\">Kello: 18<br>Paikka: Kauppakuja 2, 95900 Kolari <\/h4>\n\n\n\n<p>Kolarissa kajahtaa, kun p\u00e4\u00e4semme laulamaan yhteislauluillassa Alli Katrin ja Tomi Pentinpuron mukana. Luvassa on yhteisesti laulettavia lauluja, jotka sopivat laulettavaksi niin nuorille, kuin varttuneemmallekin v\u00e4elle.<\/p>\n\n\n\n<p>Osa lauluista kaikille tuttuja ja osa Alli Katrin ja Tomin yhteistuotantoa useammalta vuodelta.<\/p>\n\n\n\n<p>1.Kulkurin valssi 1-3<br>2.Kiertolaisen laulu (Mustalainen)<br>3.Toivonpilkahduksia<br>4.S\u00e4keet<br>5.Muistan heit\u00e4 siell\u00e4<br>6.Olen kuullut on kaupunki 1-4<br>7.Yli Me\u00e4nmaan<\/p>\n\n\n\n<p>TAUKO + ARVONTA<\/p>\n\n\n\n<p>8.Kes\u00e4 maistuu mansikalle<br>9.T\u00e4hti ja meripoika 1 ja 4<br>10.Kun ilta taijan on<br>11.Muistanko yhden kerran vain<br>12.Miss soutaen tuulessa 1-3<br>13.Oi herra suuri 1-2<br>14.Me\u00e4nmaan lapsi<\/p>\n\n\n\n<p>Tervetuloa laulamaan iloisella mielell\u00e4, otathan mukaan naapurisikin!<\/p>\n\n\n\n<p class=\"has-text-color has-vivid-cyan-blue-color\"><a href=\"https:\/\/allikatri.se\/\">Tutustu taiteilija Alli Katriin h\u00e4nen omilla verkkosivuilaan<\/a><br><a href=\"https:\/\/www.kulttuurikolari.fi\/?page_id=293\">Tutustu KulttuuriKolarissa esill\u00e4 olevaan Alli Katrin taiden\u00e4yttelyyn<\/a><\/p>\n\n\n\n<div class=\"wp-block-image\"><figure class=\"aligncenter is-resized\"><img loading=\"lazy\" decoding=\"async\" src=\"https:\/\/www.kulttuurikolari.fi\/wp-content\/uploads\/2019\/06\/My-Post-1024x537.png\" alt=\"\" class=\"wp-image-374\" width=\"1024\" height=\"537\" srcset=\"https:\/\/www.kulttuurikolari.fi\/wp-content\/uploads\/2019\/06\/My-Post-1024x537.png 1024w, https:\/\/www.kulttuurikolari.fi\/wp-content\/uploads\/2019\/06\/My-Post-300x157.png 300w, https:\/\/www.kulttuurikolari.fi\/wp-content\/uploads\/2019\/06\/My-Post-768x402.png 768w, https:\/\/www.kulttuurikolari.fi\/wp-content\/uploads\/2019\/06\/My-Post.png 1080w\" sizes=\"auto, (max-width: 1024px) 100vw, 1024px\" \/><\/figure><\/div>\n","protected":false},"excerpt":{"rendered":"<p>Perjantai 28.6 Kello: 18Paikka: Kauppakuja 2, 95900 Kolari Kolarissa kajahtaa, kun p\u00e4\u00e4semme laulamaan yhteislauluillassa Alli Katrin ja Tomi Pentinpuron mukana. Luvassa on yhteisesti laulettavia lauluja, jotka sopivat laulettavaksi niin nuorille, kuin varttuneemmallekin v\u00e4elle. Osa lauluista kaikille tuttuja ja osa Alli Katrin ja Tomin yhteistuotantoa useammalta vuodelta. 1.Kulkurin valssi 1-32.Kiertolaisen laulu (Mustalainen)3.Toivonpilkahduksia4.S\u00e4keet5.Muistan heit\u00e4 siell\u00e46.Olen kuullut on kaupunki 1-47.Yli Me\u00e4nmaan TAUKO + ARVONTA 8.Kes\u00e4 maistuu mansikalle9.T\u00e4hti ja meripoika 1 ja 410.Kun ilta taijan on11.Muistanko yhden kerran vain12.Miss soutaen tuulessa 1-313.Oi herra suuri 1-214.Me\u00e4nmaan lapsi Tervetuloa laulamaan iloisella mielell\u00e4, otathan mukaan naapurisikin! Tutustu taiteilija Alli Katriin h\u00e4nen omilla verkkosivuilaanTutustu KulttuuriKolarissa esill\u00e4 olevaan Alli Katrin taiden\u00e4yttelyyn<\/p>\n","protected":false},"author":2,"featured_media":0,"parent":0,"menu_order":0,"comment_status":"closed","ping_status":"closed","template":"","meta":{"footnotes":""},"class_list":["post-370","page","type-page","status-publish"],"_links":{"self":[{"href":"https:\/\/www.kulttuurikolari.fi\/index.php?rest_route=\/wp\/v2\/pages\/370","targetHints":{"allow":["GET"]}}],"collection":[{"href":"https:\/\/www.kulttuurikolari.fi\/index.php?rest_route=\/wp\/v2\/pages"}],"about":[{"href":"https:\/\/www.kulttuurikolari.fi\/index.php?rest_route=\/wp\/v2\/types\/page"}],"author":[{"embeddable":true,"href":"https:\/\/www.kulttuurikolari.fi\/index.php?rest_route=\/wp\/v2\/users\/2"}],"replies":[{"embeddable":true,"href":"https:\/\/www.kulttuurikolari.fi\/index.php?rest_route=%2Fwp%2Fv2%2Fcomments&post=370"}],"version-history":[{"count":11,"href":"https:\/\/www.kulttuurikolari.fi\/index.php?rest_route=\/wp\/v2\/pages\/370\/revisions"}],"predecessor-version":[{"id":840,"href":"https:\/\/www.kulttuurikolari.fi\/index.php?rest_route=\/wp\/v2\/pages\/370\/revisions\/840"}],"wp:attachment":[{"href":"https:\/\/www.kulttuurikolari.fi\/index.php?rest_route=%2Fwp%2Fv2%2Fmedia&parent=370"}],"curies":[{"name":"wp","href":"https:\/\/api.w.org\/{rel}","templated":true}]}}