{"id":379,"date":"2019-06-16T11:15:20","date_gmt":"2019-06-16T11:15:20","guid":{"rendered":"https:\/\/www.kulttuurikolari.fi\/?page_id=379"},"modified":"2019-06-21T11:03:55","modified_gmt":"2019-06-21T11:03:55","slug":"mr-moart-co","status":"publish","type":"page","link":"https:\/\/www.kulttuurikolari.fi\/?page_id=379","title":{"rendered":"Mr. Moart &#038; Co."},"content":{"rendered":"\n<div class=\"wp-block-cover has-background-dim\" style=\"background-image:url(https:\/\/www.kulttuurikolari.fi\/wp-content\/uploads\/2019\/06\/My-Post-10.png)\"><div class=\"wp-block-cover__inner-container is-layout-flow wp-block-cover-is-layout-flow\">\n<p style=\"text-align:center\" class=\"has-large-font-size\">Mr. Moart &amp; Co.<\/p>\n<\/div><\/div>\n\n\n\n<h3 class=\"wp-block-heading\">Perjantai 28.6<\/h3>\n\n\n\n<h4 class=\"wp-block-heading\">KulttuuriKolarin illan aikana (iltaohjelma alkaa kelo 20)<br>Paikka: Kauppakuja 2, 95900 Kolari  <\/h4>\n\n\n\n<p>Mr. Moart &amp; Co. on Tanskassa vuonna 2009 perustettu kollektiivi. S\u00e4velt\u00e4j\u00e4 Arto Moisalan perustaman projektin idea perustuu vaihtuviin kokoonpanoihin ja vieraileviin artisteihin.<\/p>\n\n\n\n<p>S\u00e4vellykset on tuotettu, miksattu ja masteroitu. Musiikkityyli on kirjava, elektronisen-, elokuva- ja ambient-\u00e4\u00e4nimaiseman kautta hip-hop ja jazz-vaikutteisempaankin rytmisemp\u00e4\u00e4n musiikkiin. <\/p>\n\n\n\n<p>Suurta osaa esiintymist\u00e4 tulee hallitsemaan improvisointi, eli ns. t\u00e4ss\u00e4 ja nyt s\u00e4velt\u00e4minen.<\/p>\n\n\n\n<p>Arto Moisala &#8211; saksofonit, iPadit, efektit, loopperit, EWI.<br>Henri Laitinen \u2013 s\u00e4hk\u00f6basso<br>Kimmo Salminen &#8211; rummut<\/p>\n\n\n\n<p class=\"has-text-color has-vivid-cyan-blue-color\"><a href=\"https:\/\/soundcloud.com\/mr_moart_and_co\">Kuuntele Mr. Moart &amp; Co. musiikkia SoundCloudissa<\/a><\/p>\n\n\n\n<p>Arto Moisala on toiminut 2018 \u2013 2019 lukukauden Kolarin kansalaisopiston opettajana.<\/p>\n\n\n\n<p>Arto Moisala ja Kimmo Salminen ovat soittaneet my\u00f6s yhtyeess\u00e4 Tectonic.<\/p>\n\n\n\n<p class=\"has-text-color has-vivid-cyan-blue-color\"><a href=\"https:\/\/www.facebook.com\/TECTONICTRIO\/\">Tectonic-yhtye Facebookissa<\/a><\/p>\n\n\n\n<figure class=\"wp-block-embed-soundcloud wp-block-embed is-type-rich is-provider-soundcloud wp-embed-aspect-4-3 wp-has-aspect-ratio\"><div class=\"wp-block-embed__wrapper\">\n<iframe loading=\"lazy\" title=\"Mr. Moart &amp; Co.\" width=\"800\" height=\"450\" scrolling=\"no\" frameborder=\"no\" src=\"https:\/\/w.soundcloud.com\/player\/?visual=true&#038;url=https%3A%2F%2Fapi.soundcloud.com%2Fusers%2F9966240&#038;show_artwork=true&#038;maxwidth=800&#038;maxheight=1000&#038;dnt=1\"><\/iframe>\n<\/div><\/figure>\n\n\n\n<div class=\"wp-block-image\"><figure class=\"aligncenter is-resized\"><img loading=\"lazy\" decoding=\"async\" src=\"https:\/\/www.kulttuurikolari.fi\/wp-content\/uploads\/2019\/06\/mr-moart-9102a-1-perjantain-illanvieton-l\u00e4helle-1-1024x1024.jpg\" alt=\"\" class=\"wp-image-378\" width=\"768\" height=\"768\" srcset=\"https:\/\/www.kulttuurikolari.fi\/wp-content\/uploads\/2019\/06\/mr-moart-9102a-1-perjantain-illanvieton-l\u00e4helle-1-1024x1024.jpg 1024w, https:\/\/www.kulttuurikolari.fi\/wp-content\/uploads\/2019\/06\/mr-moart-9102a-1-perjantain-illanvieton-l\u00e4helle-1-150x150.jpg 150w, https:\/\/www.kulttuurikolari.fi\/wp-content\/uploads\/2019\/06\/mr-moart-9102a-1-perjantain-illanvieton-l\u00e4helle-1-300x300.jpg 300w, https:\/\/www.kulttuurikolari.fi\/wp-content\/uploads\/2019\/06\/mr-moart-9102a-1-perjantain-illanvieton-l\u00e4helle-1-768x768.jpg 768w\" sizes=\"auto, (max-width: 768px) 100vw, 768px\" \/><\/figure><\/div>\n","protected":false},"excerpt":{"rendered":"<p>Perjantai 28.6 KulttuuriKolarin illan aikana (iltaohjelma alkaa kelo 20)Paikka: Kauppakuja 2, 95900 Kolari Mr. Moart &amp; Co. on Tanskassa vuonna 2009 perustettu kollektiivi. S\u00e4velt\u00e4j\u00e4 Arto Moisalan perustaman projektin idea perustuu vaihtuviin kokoonpanoihin ja vieraileviin artisteihin. S\u00e4vellykset on tuotettu, miksattu ja masteroitu. Musiikkityyli on kirjava, elektronisen-, elokuva- ja ambient-\u00e4\u00e4nimaiseman kautta hip-hop ja jazz-vaikutteisempaankin rytmisemp\u00e4\u00e4n musiikkiin. Suurta osaa esiintymist\u00e4 tulee hallitsemaan improvisointi, eli ns. t\u00e4ss\u00e4 ja nyt s\u00e4velt\u00e4minen. Arto Moisala &#8211; saksofonit, iPadit, efektit, loopperit, EWI.Henri Laitinen \u2013 s\u00e4hk\u00f6bassoKimmo Salminen &#8211; rummut Kuuntele Mr. Moart &amp; Co. musiikkia SoundCloudissa Arto Moisala on toiminut 2018 \u2013 2019 lukukauden Kolarin kansalaisopiston opettajana. Arto Moisala ja Kimmo Salminen ovat soittaneet my\u00f6s yhtyeess\u00e4 Tectonic. Tectonic-yhtye Facebookissa<\/p>\n","protected":false},"author":2,"featured_media":0,"parent":0,"menu_order":0,"comment_status":"closed","ping_status":"closed","template":"","meta":{"footnotes":""},"class_list":["post-379","page","type-page","status-publish"],"_links":{"self":[{"href":"https:\/\/www.kulttuurikolari.fi\/index.php?rest_route=\/wp\/v2\/pages\/379","targetHints":{"allow":["GET"]}}],"collection":[{"href":"https:\/\/www.kulttuurikolari.fi\/index.php?rest_route=\/wp\/v2\/pages"}],"about":[{"href":"https:\/\/www.kulttuurikolari.fi\/index.php?rest_route=\/wp\/v2\/types\/page"}],"author":[{"embeddable":true,"href":"https:\/\/www.kulttuurikolari.fi\/index.php?rest_route=\/wp\/v2\/users\/2"}],"replies":[{"embeddable":true,"href":"https:\/\/www.kulttuurikolari.fi\/index.php?rest_route=%2Fwp%2Fv2%2Fcomments&post=379"}],"version-history":[{"count":9,"href":"https:\/\/www.kulttuurikolari.fi\/index.php?rest_route=\/wp\/v2\/pages\/379\/revisions"}],"predecessor-version":[{"id":820,"href":"https:\/\/www.kulttuurikolari.fi\/index.php?rest_route=\/wp\/v2\/pages\/379\/revisions\/820"}],"wp:attachment":[{"href":"https:\/\/www.kulttuurikolari.fi\/index.php?rest_route=%2Fwp%2Fv2%2Fmedia&parent=379"}],"curies":[{"name":"wp","href":"https:\/\/api.w.org\/{rel}","templated":true}]}}