{"id":395,"date":"2019-06-16T11:13:48","date_gmt":"2019-06-16T11:13:48","guid":{"rendered":"https:\/\/www.kulttuurikolari.fi\/?page_id=395"},"modified":"2019-06-21T10:54:56","modified_gmt":"2019-06-21T10:54:56","slug":"ekokassipaja","status":"publish","type":"page","link":"https:\/\/www.kulttuurikolari.fi\/?page_id=395","title":{"rendered":"Ekokassipaja"},"content":{"rendered":"\n<div class=\"wp-block-cover has-background-dim\" style=\"background-image:url(https:\/\/www.kulttuurikolari.fi\/wp-content\/uploads\/2019\/06\/My-Post-1-1024x1024.png)\"><div class=\"wp-block-cover__inner-container is-layout-flow wp-block-cover-is-layout-flow\">\n<p style=\"text-align:center\" class=\"has-large-font-size\">Ekokassipaja lapsille ja aikuisille<\/p>\n<\/div><\/div>\n\n\n\n<h3 class=\"wp-block-heading\"><strong>29.6. LAUANTAI<\/strong><\/h3>\n\n\n\n<h4 class=\"wp-block-heading\">Kello: 12\u201315<br>Paikka: Jokijalka 65<\/h4>\n\n\n\n<p>Ekokassipajassa painetaan hedelmill\u00e4 ja \u00a0juureksilla! Avoinna lapsille ja aikuisille. Kassin teko kest\u00e4\u00e4 parikymment\u00e4 minuuttia. Tapahtumapaikkana toimii Kolarin kirkonkyl\u00e4n Jokijalka 65 (entinen Viehka-kampaamon tila). Ohjaajina toimivat Outi Hyv\u00f6nen Kemin lastenkulttuurikeskuksesta ja Anne Luiro Lastenkulttuuriverkostosta.<\/p>\n\n\n\n<p class=\"has-text-color has-vivid-cyan-blue-color\"><a href=\"https:\/\/www.rovaniemi.fi\/fi\/Palvelut\/Kulttuuripalvelut\/Lapin-lastenkulttuuriverkosto\/Kuntien-esittely\">Tutustu Lapin lastenkulttuuriverkostoon Rovaniemen kaupungin verkkosivuilla.<\/a><\/p>\n\n\n\n<div class=\"wp-block-image\"><figure class=\"aligncenter is-resized\"><img loading=\"lazy\" decoding=\"async\" src=\"https:\/\/www.kulttuurikolari.fi\/wp-content\/uploads\/2019\/05\/My-Post-2-1024x640.jpg\" alt=\"\" class=\"wp-image-253\" width=\"768\" height=\"480\" srcset=\"https:\/\/www.kulttuurikolari.fi\/wp-content\/uploads\/2019\/05\/My-Post-2-1024x640.jpg 1024w, https:\/\/www.kulttuurikolari.fi\/wp-content\/uploads\/2019\/05\/My-Post-2-300x188.jpg 300w, https:\/\/www.kulttuurikolari.fi\/wp-content\/uploads\/2019\/05\/My-Post-2-768x480.jpg 768w\" sizes=\"auto, (max-width: 768px) 100vw, 768px\" \/><figcaption>Vasemmalla ohjaaja Anne Luiro ja oikealla Outi Hyv\u00f6nen<\/figcaption><\/figure><\/div>\n","protected":false},"excerpt":{"rendered":"<p>29.6. LAUANTAI Kello: 12\u201315Paikka: Jokijalka 65 Ekokassipajassa painetaan hedelmill\u00e4 ja \u00a0juureksilla! Avoinna lapsille ja aikuisille. Kassin teko kest\u00e4\u00e4 parikymment\u00e4 minuuttia. Tapahtumapaikkana toimii Kolarin kirkonkyl\u00e4n Jokijalka 65 (entinen Viehka-kampaamon tila). Ohjaajina toimivat Outi Hyv\u00f6nen Kemin lastenkulttuurikeskuksesta ja Anne Luiro Lastenkulttuuriverkostosta. Tutustu Lapin lastenkulttuuriverkostoon Rovaniemen kaupungin verkkosivuilla.<\/p>\n","protected":false},"author":2,"featured_media":0,"parent":0,"menu_order":0,"comment_status":"closed","ping_status":"closed","template":"","meta":{"footnotes":""},"class_list":["post-395","page","type-page","status-publish"],"_links":{"self":[{"href":"https:\/\/www.kulttuurikolari.fi\/index.php?rest_route=\/wp\/v2\/pages\/395","targetHints":{"allow":["GET"]}}],"collection":[{"href":"https:\/\/www.kulttuurikolari.fi\/index.php?rest_route=\/wp\/v2\/pages"}],"about":[{"href":"https:\/\/www.kulttuurikolari.fi\/index.php?rest_route=\/wp\/v2\/types\/page"}],"author":[{"embeddable":true,"href":"https:\/\/www.kulttuurikolari.fi\/index.php?rest_route=\/wp\/v2\/users\/2"}],"replies":[{"embeddable":true,"href":"https:\/\/www.kulttuurikolari.fi\/index.php?rest_route=%2Fwp%2Fv2%2Fcomments&post=395"}],"version-history":[{"count":6,"href":"https:\/\/www.kulttuurikolari.fi\/index.php?rest_route=\/wp\/v2\/pages\/395\/revisions"}],"predecessor-version":[{"id":809,"href":"https:\/\/www.kulttuurikolari.fi\/index.php?rest_route=\/wp\/v2\/pages\/395\/revisions\/809"}],"wp:attachment":[{"href":"https:\/\/www.kulttuurikolari.fi\/index.php?rest_route=%2Fwp%2Fv2%2Fmedia&parent=395"}],"curies":[{"name":"wp","href":"https:\/\/api.w.org\/{rel}","templated":true}]}}