{"id":398,"date":"2019-06-16T11:14:50","date_gmt":"2019-06-16T11:14:50","guid":{"rendered":"https:\/\/www.kulttuurikolari.fi\/?page_id=398"},"modified":"2019-06-21T10:57:24","modified_gmt":"2019-06-21T10:57:24","slug":"kirjailijavieraana-mikael-niemi","status":"publish","type":"page","link":"https:\/\/www.kulttuurikolari.fi\/?page_id=398","title":{"rendered":"Kirjailijavieraana Mikael Niemi"},"content":{"rendered":"\n<div class=\"wp-block-cover has-background-dim\" style=\"background-image:url(https:\/\/www.kulttuurikolari.fi\/wp-content\/uploads\/2019\/06\/mikael_niemi_01-t\u00e4m\u00e4-toisen-tilalle.jpg);background-position:51.041666666666664% 10.588235294117647%\"><div class=\"wp-block-cover__inner-container is-layout-flow wp-block-cover-is-layout-flow\">\n<p style=\"text-align:center\" class=\"has-large-font-size\">Kirjailijavieraana Mikael Niemi<\/p>\n<\/div><\/div>\n\n\n\n<div class=\"wp-block-image\"><figure class=\"alignright is-resized\"><img loading=\"lazy\" decoding=\"async\" src=\"https:\/\/www.kulttuurikolari.fi\/wp-content\/uploads\/2019\/06\/MikaelNiemi.jpg\" alt=\"\" class=\"wp-image-598\" width=\"285\" height=\"425\" srcset=\"https:\/\/www.kulttuurikolari.fi\/wp-content\/uploads\/2019\/06\/MikaelNiemi.jpg 285w, https:\/\/www.kulttuurikolari.fi\/wp-content\/uploads\/2019\/06\/MikaelNiemi-201x300.jpg 201w\" sizes=\"auto, (max-width: 285px) 100vw, 285px\" \/><\/figure><\/div>\n\n\n\n<h3 class=\"wp-block-heading\">Lauantaina 29.6<\/h3>\n\n\n\n<h4 class=\"wp-block-heading\">Kello: 13.00<br>Paikka: Kauppakuja 2, 95900 Kolari<\/h4>\n\n\n\n<p><strong>Kirjailijavieraana Mikael Niemi<\/strong><\/p>\n\n\n\n<p>Tunnettu ruotsalaiskirjailija Mikael Niemi saapuu KulttuuriKolariin kirjailijavieraaksi! Niemi on kirjoittanut useita kirjoja, joista suomennettuja ovat muun muassa Karhun Keitto, Veden viem\u00e4\u00e4, sek\u00e4 hittiromaani Populaarimusiikkia Vittulaj\u00e4nk\u00e4lt\u00e4.<\/p>\n\n\n\n<p><strong>Per Mikael Niemi<\/strong> syntyi Pajalan&nbsp;Norrbottenin l\u00e4\u00e4niss\u00e4, jonne my\u00f6s h\u00e4nen kirjoittamansa kirja Popul\u00e4\u00e4rimusiikkia Vittulaj\u00e4nk\u00e4lt\u00e4&nbsp;(Popul\u00e4rmusik fr\u00e5n Vittula) sijoittuu.<\/p>\n\n\n\n<p>Haastattelijana toimii toimittaja ja tulkki &nbsp;Hannele Kentt\u00e4.<\/p>\n\n\n\n<figure class=\"wp-block-image\"><img loading=\"lazy\" decoding=\"async\" width=\"1024\" height=\"835\" src=\"https:\/\/www.kulttuurikolari.fi\/wp-content\/uploads\/2019\/06\/My-Post-2-1024x835.png\" alt=\"\" class=\"wp-image-408\" srcset=\"https:\/\/www.kulttuurikolari.fi\/wp-content\/uploads\/2019\/06\/My-Post-2-1024x835.png 1024w, https:\/\/www.kulttuurikolari.fi\/wp-content\/uploads\/2019\/06\/My-Post-2-300x245.png 300w, https:\/\/www.kulttuurikolari.fi\/wp-content\/uploads\/2019\/06\/My-Post-2-768x626.png 768w\" sizes=\"auto, (max-width: 1024px) 100vw, 1024px\" \/><\/figure>\n\n\n\n<div class=\"wp-block-image\"><figure class=\"aligncenter\"><img loading=\"lazy\" decoding=\"async\" width=\"577\" height=\"1024\" src=\"https:\/\/www.kulttuurikolari.fi\/wp-content\/uploads\/2019\/06\/mikael_niemi_01-t\u00e4m\u00e4-toisen-tilalle-577x1024.jpg\" alt=\"\" class=\"wp-image-305\" srcset=\"https:\/\/www.kulttuurikolari.fi\/wp-content\/uploads\/2019\/06\/mikael_niemi_01-t\u00e4m\u00e4-toisen-tilalle-577x1024.jpg 577w, https:\/\/www.kulttuurikolari.fi\/wp-content\/uploads\/2019\/06\/mikael_niemi_01-t\u00e4m\u00e4-toisen-tilalle-169x300.jpg 169w, https:\/\/www.kulttuurikolari.fi\/wp-content\/uploads\/2019\/06\/mikael_niemi_01-t\u00e4m\u00e4-toisen-tilalle-768x1363.jpg 768w\" sizes=\"auto, (max-width: 577px) 100vw, 577px\" \/><figcaption>MIkael Niemi<\/figcaption><\/figure><\/div>\n","protected":false},"excerpt":{"rendered":"<p>Lauantaina 29.6 Kello: 13.00Paikka: Kauppakuja 2, 95900 Kolari Kirjailijavieraana Mikael Niemi Tunnettu ruotsalaiskirjailija Mikael Niemi saapuu KulttuuriKolariin kirjailijavieraaksi! Niemi on kirjoittanut useita kirjoja, joista suomennettuja ovat muun muassa Karhun Keitto, Veden viem\u00e4\u00e4, sek\u00e4 hittiromaani Populaarimusiikkia Vittulaj\u00e4nk\u00e4lt\u00e4. Per Mikael Niemi syntyi Pajalan&nbsp;Norrbottenin l\u00e4\u00e4niss\u00e4, jonne my\u00f6s h\u00e4nen kirjoittamansa kirja Popul\u00e4\u00e4rimusiikkia Vittulaj\u00e4nk\u00e4lt\u00e4&nbsp;(Popul\u00e4rmusik fr\u00e5n Vittula) sijoittuu. Haastattelijana toimii toimittaja ja tulkki &nbsp;Hannele Kentt\u00e4.<\/p>\n","protected":false},"author":2,"featured_media":0,"parent":0,"menu_order":0,"comment_status":"closed","ping_status":"closed","template":"","meta":{"footnotes":""},"class_list":["post-398","page","type-page","status-publish"],"_links":{"self":[{"href":"https:\/\/www.kulttuurikolari.fi\/index.php?rest_route=\/wp\/v2\/pages\/398","targetHints":{"allow":["GET"]}}],"collection":[{"href":"https:\/\/www.kulttuurikolari.fi\/index.php?rest_route=\/wp\/v2\/pages"}],"about":[{"href":"https:\/\/www.kulttuurikolari.fi\/index.php?rest_route=\/wp\/v2\/types\/page"}],"author":[{"embeddable":true,"href":"https:\/\/www.kulttuurikolari.fi\/index.php?rest_route=\/wp\/v2\/users\/2"}],"replies":[{"embeddable":true,"href":"https:\/\/www.kulttuurikolari.fi\/index.php?rest_route=%2Fwp%2Fv2%2Fcomments&post=398"}],"version-history":[{"count":14,"href":"https:\/\/www.kulttuurikolari.fi\/index.php?rest_route=\/wp\/v2\/pages\/398\/revisions"}],"predecessor-version":[{"id":814,"href":"https:\/\/www.kulttuurikolari.fi\/index.php?rest_route=\/wp\/v2\/pages\/398\/revisions\/814"}],"wp:attachment":[{"href":"https:\/\/www.kulttuurikolari.fi\/index.php?rest_route=%2Fwp%2Fv2%2Fmedia&parent=398"}],"curies":[{"name":"wp","href":"https:\/\/api.w.org\/{rel}","templated":true}]}}