{"id":442,"date":"2019-06-16T11:15:15","date_gmt":"2019-06-16T11:15:15","guid":{"rendered":"https:\/\/www.kulttuurikolari.fi\/?page_id=442"},"modified":"2019-06-24T07:57:49","modified_gmt":"2019-06-24T07:57:49","slug":"messu","status":"publish","type":"page","link":"https:\/\/www.kulttuurikolari.fi\/?page_id=442","title":{"rendered":"Messu"},"content":{"rendered":"\n<div class=\"wp-block-cover has-background-dim\" style=\"background-image:url(https:\/\/www.kulttuurikolari.fi\/wp-content\/uploads\/2019\/05\/kolari_kirkko.jpg)\"><div class=\"wp-block-cover__inner-container is-layout-flow wp-block-cover-is-layout-flow\">\n<p style=\"text-align:center\" class=\"has-large-font-size\">Messu Kolarinsaaren kirkossa<\/p>\n<\/div><\/div>\n\n\n\n<h3 class=\"wp-block-heading\">Sunnuntai 30.6<\/h3>\n\n\n\n<h4 class=\"wp-block-heading\">Kello: 11.00<br>Kolarinsaaren kirkko<\/h4>\n\n\n\n<p>Kolarinsaaren kirkossa j\u00e4rjestet\u00e4\u00e4n messu sunnuntaina kello 11 alkaen. Tervetuloa mukaan!<\/p>\n\n\n\n<p class=\"has-text-color has-vivid-cyan-blue-color\"><a href=\"https:\/\/www.facebook.com\/kolarinseurakunta\/\">Tutustu Kolarin seurakuntaan heid\u00e4n Facebook-sivullaan<\/a><\/p>\n\n\n\n<div class=\"wp-block-image\"><figure class=\"aligncenter\"><img loading=\"lazy\" decoding=\"async\" width=\"1024\" height=\"683\" src=\"https:\/\/www.kulttuurikolari.fi\/wp-content\/uploads\/2019\/06\/kolari_puukirkko-3-1024x683.jpg\" alt=\"\" class=\"wp-image-866\" srcset=\"https:\/\/www.kulttuurikolari.fi\/wp-content\/uploads\/2019\/06\/kolari_puukirkko-3-1024x683.jpg 1024w, https:\/\/www.kulttuurikolari.fi\/wp-content\/uploads\/2019\/06\/kolari_puukirkko-3-300x200.jpg 300w, https:\/\/www.kulttuurikolari.fi\/wp-content\/uploads\/2019\/06\/kolari_puukirkko-3-768x512.jpg 768w\" sizes=\"auto, (max-width: 1024px) 100vw, 1024px\" \/><figcaption>Kuvat: Pete Huttunen<br>Leader Tunturi-Lappi ry<\/figcaption><\/figure><\/div>\n","protected":false},"excerpt":{"rendered":"<p>Sunnuntai 30.6 Kello: 11.00Kolarinsaaren kirkko Kolarinsaaren kirkossa j\u00e4rjestet\u00e4\u00e4n messu sunnuntaina kello 11 alkaen. Tervetuloa mukaan! Tutustu Kolarin seurakuntaan heid\u00e4n Facebook-sivullaan<\/p>\n","protected":false},"author":2,"featured_media":0,"parent":0,"menu_order":0,"comment_status":"closed","ping_status":"closed","template":"","meta":{"footnotes":""},"class_list":["post-442","page","type-page","status-publish"],"_links":{"self":[{"href":"https:\/\/www.kulttuurikolari.fi\/index.php?rest_route=\/wp\/v2\/pages\/442","targetHints":{"allow":["GET"]}}],"collection":[{"href":"https:\/\/www.kulttuurikolari.fi\/index.php?rest_route=\/wp\/v2\/pages"}],"about":[{"href":"https:\/\/www.kulttuurikolari.fi\/index.php?rest_route=\/wp\/v2\/types\/page"}],"author":[{"embeddable":true,"href":"https:\/\/www.kulttuurikolari.fi\/index.php?rest_route=\/wp\/v2\/users\/2"}],"replies":[{"embeddable":true,"href":"https:\/\/www.kulttuurikolari.fi\/index.php?rest_route=%2Fwp%2Fv2%2Fcomments&post=442"}],"version-history":[{"count":5,"href":"https:\/\/www.kulttuurikolari.fi\/index.php?rest_route=\/wp\/v2\/pages\/442\/revisions"}],"predecessor-version":[{"id":889,"href":"https:\/\/www.kulttuurikolari.fi\/index.php?rest_route=\/wp\/v2\/pages\/442\/revisions\/889"}],"wp:attachment":[{"href":"https:\/\/www.kulttuurikolari.fi\/index.php?rest_route=%2Fwp%2Fv2%2Fmedia&parent=442"}],"curies":[{"name":"wp","href":"https:\/\/api.w.org\/{rel}","templated":true}]}}