{"id":446,"date":"2019-06-16T11:15:09","date_gmt":"2019-06-16T11:15:09","guid":{"rendered":"https:\/\/www.kulttuurikolari.fi\/?page_id=446"},"modified":"2019-06-21T11:02:06","modified_gmt":"2019-06-21T11:02:06","slug":"marja-pirttivaara-geneettinen-sukututkimus","status":"publish","type":"page","link":"https:\/\/www.kulttuurikolari.fi\/?page_id=446","title":{"rendered":"Marja Pirttivaara: Geneettinen sukututkimus"},"content":{"rendered":"\n<div class=\"wp-block-cover has-background-dim\" style=\"background-image:url(https:\/\/www.kulttuurikolari.fi\/wp-content\/uploads\/2019\/06\/pasted-image-0.jpg);background-position:51.5% 13.291139240506327%\"><div class=\"wp-block-cover__inner-container is-layout-flow wp-block-cover-is-layout-flow\">\n<p style=\"text-align:center\" class=\"has-large-font-size\">Marja Pirttivaara: Geneettinen sukututkimus<\/p>\n<\/div><\/div>\n\n\n\n<h2 class=\"wp-block-heading\">Sunnuntai 30.6<\/h2>\n\n\n\n<h4 class=\"wp-block-heading\">Kello: 12.00<br>Paikka: Kauppakuja 2, 95900 Kolari  <\/h4>\n\n\n\n<div class=\"wp-block-image\"><figure class=\"alignright is-resized\"><img loading=\"lazy\" decoding=\"async\" src=\"https:\/\/www.kulttuurikolari.fi\/wp-content\/uploads\/2019\/06\/juuresi-nakyvat-Marja-Pirttivaaran-teos.jpg\" alt=\"\" class=\"wp-image-308\" width=\"201\" height=\"282\"\/><\/figure><\/div>\n\n\n\n<p>KulttuuriKolarissa <strong>Marja Pirttivaara<\/strong> kertoo asiantuntijan roolissa geneettisest\u00e4 sukututkimuksesta. Marja Pirttivaara on koulutukseltani fysiikan tohtori ja MBA (sosiaali- ja terveysjohtaminen). Marja Pirttivaara kirjoittaa geneettisest\u00e4 sukututkimuksesta, genomitiedosta ja my\u00f6s muista el\u00e4m\u00e4n ilmi\u00f6ist\u00e4. Tieto lis\u00e4\u00e4ntyy jakamalla ja yhteisty\u00f6t\u00e4 tekem\u00e4ll\u00e4. Geneettinen sukututkimus ja genomitieto ovat &nbsp;Marjalle  rakas harrastus, uuden oppiminen ja tiedon jakaminen el\u00e4m\u00e4ntapa.<br><\/p>\n\n\n\n<p>Geneettinen sukututkimus eli geneettinen genealogia tarkoittaa oman tai jonkun muun henkil\u00f6n sukulaisten keskin\u00e4isten sukulaisuussuhteiden ja suvun vaiheiden tutkimista hy\u00f6dynt\u00e4m\u00e4ll\u00e4 DNA-testej\u00e4 yhdess\u00e4 perinteisen sukututkimuksen ja historiallisten l\u00e4hteiden kanssa.<\/p>\n\n\n\n<div class=\"wp-block-image\"><figure class=\"alignleft is-resized\"><img loading=\"lazy\" decoding=\"async\" src=\"https:\/\/www.kulttuurikolari.fi\/wp-content\/uploads\/2019\/06\/Kiehtovat_geenit_kansi.jpg\" alt=\"\" class=\"wp-image-609\" width=\"310\" height=\"442\" srcset=\"https:\/\/www.kulttuurikolari.fi\/wp-content\/uploads\/2019\/06\/Kiehtovat_geenit_kansi.jpg 620w, https:\/\/www.kulttuurikolari.fi\/wp-content\/uploads\/2019\/06\/Kiehtovat_geenit_kansi-210x300.jpg 210w\" sizes=\"auto, (max-width: 310px) 100vw, 310px\" \/><\/figure><\/div>\n\n\n\n<p><strong>Kirjoja:<\/strong><br>Marja Pirttivaara: Juuresi n\u00e4kyv\u00e4t, Siltala, 2017.<br>Maarit Jokea, Mirkka Oja-Leikas, Meri Rova (toim.): Kiehtovat geenit \u2013 Mihin geenitietoa k\u00e4ytet\u00e4\u00e4n, Duodecim, 2017.<br><\/p>\n\n\n\n<p class=\"has-text-color has-vivid-cyan-blue-color\"><a href=\"http:\/\/www.dnaguru.fi\/\">Tutusti lis\u00e4\u00e4 Marja Pirttivaaraan dnaguru.fi -sivustolla.<\/a><\/p>\n\n\n\n<p class=\"has-text-color has-vivid-cyan-blue-color\"><a href=\"http:\/\/www.siltalapublishing.fi\/kirja\/314\/\">Tutustu kirjaan Juuresi n\u00e4kyv\u00e4t. Geneettisen sukututkimuksen ABC<\/a><\/p>\n\n\n\n<p class=\"has-text-color has-vivid-cyan-blue-color\"><a href=\"https:\/\/yle.fi\/uutiset\/3-10127686\">Lue YLE:n juttu ja katso Ylen Aamu-tv: DNA paljastaa juuresi tuhansien vuosien p\u00e4\u00e4h\u00e4n<\/a><\/p>\n\n\n\n<p class=\"has-text-color has-vivid-cyan-blue-color\"><a href=\"https:\/\/areena.yle.fi\/1-4611081\">Kuuntele Tiedeykk\u00f6sen jakso Geneettinen sukututkimus l\u00f6yt\u00e4\u00e4 sukulaiset ja kertoo, mist\u00e4 geenisi ovat kotoisin<\/a><\/p>\n\n\n\n<div class=\"wp-block-image\"><figure class=\"aligncenter is-resized\"><img loading=\"lazy\" decoding=\"async\" src=\"https:\/\/www.kulttuurikolari.fi\/wp-content\/uploads\/2019\/06\/pasted-image-0-1024x813.jpg\" alt=\"\" class=\"wp-image-444\" width=\"768\" height=\"610\" srcset=\"https:\/\/www.kulttuurikolari.fi\/wp-content\/uploads\/2019\/06\/pasted-image-0-1024x813.jpg 1024w, https:\/\/www.kulttuurikolari.fi\/wp-content\/uploads\/2019\/06\/pasted-image-0-300x238.jpg 300w, https:\/\/www.kulttuurikolari.fi\/wp-content\/uploads\/2019\/06\/pasted-image-0-768x610.jpg 768w, https:\/\/www.kulttuurikolari.fi\/wp-content\/uploads\/2019\/06\/pasted-image-0.jpg 1512w\" sizes=\"auto, (max-width: 768px) 100vw, 768px\" \/><figcaption>Marja Pirttivaara<\/figcaption><\/figure><\/div>\n","protected":false},"excerpt":{"rendered":"<p>Sunnuntai 30.6 Kello: 12.00Paikka: Kauppakuja 2, 95900 Kolari KulttuuriKolarissa Marja Pirttivaara kertoo asiantuntijan roolissa geneettisest\u00e4 sukututkimuksesta. Marja Pirttivaara on koulutukseltani fysiikan tohtori ja MBA (sosiaali- ja terveysjohtaminen). Marja Pirttivaara kirjoittaa geneettisest\u00e4 sukututkimuksesta, genomitiedosta ja my\u00f6s muista el\u00e4m\u00e4n ilmi\u00f6ist\u00e4. Tieto lis\u00e4\u00e4ntyy jakamalla ja yhteisty\u00f6t\u00e4 tekem\u00e4ll\u00e4. Geneettinen sukututkimus ja genomitieto ovat &nbsp;Marjalle rakas harrastus, uuden oppiminen ja tiedon jakaminen el\u00e4m\u00e4ntapa. Geneettinen sukututkimus eli geneettinen genealogia tarkoittaa oman tai jonkun muun henkil\u00f6n sukulaisten keskin\u00e4isten sukulaisuussuhteiden ja suvun vaiheiden tutkimista hy\u00f6dynt\u00e4m\u00e4ll\u00e4 DNA-testej\u00e4 yhdess\u00e4 perinteisen sukututkimuksen ja historiallisten l\u00e4hteiden kanssa. Kirjoja:Marja Pirttivaara: Juuresi n\u00e4kyv\u00e4t, Siltala, 2017.Maarit Jokea, Mirkka Oja-Leikas, Meri Rova (toim.): Kiehtovat geenit \u2013 Mihin geenitietoa k\u00e4ytet\u00e4\u00e4n, Duodecim, 2017. Tutusti lis\u00e4\u00e4 Marja Pirttivaaraan dnaguru.fi -sivustolla. Tutustu kirjaan Juuresi n\u00e4kyv\u00e4t. Geneettisen sukututkimuksen ABC Lue YLE:n juttu ja katso Ylen Aamu-tv: DNA paljastaa juuresi tuhansien vuosien p\u00e4\u00e4h\u00e4n Kuuntele Tiedeykk\u00f6sen jakso Geneettinen sukututkimus l\u00f6yt\u00e4\u00e4 sukulaiset ja kertoo, mist\u00e4 geenisi ovat kotoisin<\/p>\n","protected":false},"author":2,"featured_media":0,"parent":0,"menu_order":0,"comment_status":"closed","ping_status":"closed","template":"","meta":{"footnotes":""},"class_list":["post-446","page","type-page","status-publish"],"_links":{"self":[{"href":"https:\/\/www.kulttuurikolari.fi\/index.php?rest_route=\/wp\/v2\/pages\/446","targetHints":{"allow":["GET"]}}],"collection":[{"href":"https:\/\/www.kulttuurikolari.fi\/index.php?rest_route=\/wp\/v2\/pages"}],"about":[{"href":"https:\/\/www.kulttuurikolari.fi\/index.php?rest_route=\/wp\/v2\/types\/page"}],"author":[{"embeddable":true,"href":"https:\/\/www.kulttuurikolari.fi\/index.php?rest_route=\/wp\/v2\/users\/2"}],"replies":[{"embeddable":true,"href":"https:\/\/www.kulttuurikolari.fi\/index.php?rest_route=%2Fwp%2Fv2%2Fcomments&post=446"}],"version-history":[{"count":11,"href":"https:\/\/www.kulttuurikolari.fi\/index.php?rest_route=\/wp\/v2\/pages\/446\/revisions"}],"predecessor-version":[{"id":818,"href":"https:\/\/www.kulttuurikolari.fi\/index.php?rest_route=\/wp\/v2\/pages\/446\/revisions\/818"}],"wp:attachment":[{"href":"https:\/\/www.kulttuurikolari.fi\/index.php?rest_route=%2Fwp%2Fv2%2Fmedia&parent=446"}],"curies":[{"name":"wp","href":"https:\/\/api.w.org\/{rel}","templated":true}]}}