{"id":520,"date":"2019-06-16T11:13:35","date_gmt":"2019-06-16T11:13:35","guid":{"rendered":"https:\/\/www.kulttuurikolari.fi\/?page_id=520"},"modified":"2019-06-21T10:52:48","modified_gmt":"2019-06-21T10:52:48","slug":"dansa-esitys-kolarinsaaren-kirkossa","status":"publish","type":"page","link":"https:\/\/www.kulttuurikolari.fi\/?page_id=520","title":{"rendered":"Dansa-esitys Kolarinsaaren kirkossa"},"content":{"rendered":"\n<div class=\"wp-block-cover has-background-dim\" style=\"background-image:url(https:\/\/www.kulttuurikolari.fi\/wp-content\/uploads\/2019\/06\/nama.jpg)\"><div class=\"wp-block-cover__inner-container is-layout-flow wp-block-cover-is-layout-flow\">\n<p style=\"text-align:center\" class=\"has-large-font-size\">Dansa-esitys Kolarinsaaren kirkossa<\/p>\n<\/div><\/div>\n\n\n\n<h3 class=\"wp-block-heading\">Maanantai 1.7<\/h3>\n\n\n\n<h4 class=\"wp-block-heading\">Kello: 19.00 <br>Kolarinsaaren kirkko<\/h4>\n\n\n\n<p>Ruotsalaismuusikot Cecilia Zilliacus ja Lena Willemark tuovat Kolarinsaaren kirkkoon ohjelman, jossa klassinen ja folkmusiikki kohtaavat. Willemarkin laulut kommentoivat taituriviulistin Bach-esityst\u00e4 ja duo heitt\u00e4ytyy yhdess\u00e4 heille s\u00e4velletyn Dansa-esityksen py\u00f6rteisiin. Konsertti j\u00e4rjestet\u00e4\u00e4n yhteisty\u00f6ss\u00e4 V\u00e4yl\u00e4festivaalin kanssa. Esitys on maksullinen. Liput 20\/18\/8 euroa.<\/p>\n\n\n\n<p>Dansa-esitys j\u00e4rjestet\u00e4\u00e4n Kolarinsaaren kirkossa. Osoite on Siltatie 4, 95900 Kolari. <\/p>\n\n\n\n<p class=\"has-text-color has-vivid-cyan-blue-color\"><a href=\"https:\/\/www.google.com\/maps\/place\/Kolarinsaari+Church\/@67.335832,23.7814346,17z\/data=!3m1!4b1!4m5!3m4!1s0x45d38d5afd81c7d5:0x5abaf8c81fb5bf3!8m2!3d67.3358299!4d23.7836286\">Katso tapahtumapaikka kartalla<\/a><\/p>\n\n\n\n<figure class=\"wp-block-embed-wordpress wp-block-embed is-type-wp-embed is-provider-vaylafestivaali\"><div class=\"wp-block-embed__wrapper\">\n<blockquote class=\"wp-embedded-content\" data-secret=\"7m6KARsRgh\"><a href=\"http:\/\/vaylafestival.com\/fi\/ohjelma-2019\/\">Ohjelma 2019<\/a><\/blockquote><iframe loading=\"lazy\" title=\"&#8220;Ohjelma 2019&#8221; &#8212; V\u00e4yl\u00e4festivaali\" class=\"wp-embedded-content\" sandbox=\"allow-scripts\" security=\"restricted\" style=\"position: absolute; clip: rect(1px, 1px, 1px, 1px);\" src=\"http:\/\/vaylafestival.com\/fi\/ohjelma-2019\/embed\/#?secret=7m6KARsRgh\" data-secret=\"7m6KARsRgh\" width=\"600\" height=\"338\" frameborder=\"0\" marginwidth=\"0\" marginheight=\"0\" scrolling=\"no\"><\/iframe>\n<\/div><\/figure>\n\n\n\n<figure class=\"wp-block-embed-youtube wp-block-embed is-type-video is-provider-youtube wp-embed-aspect-16-9 wp-has-aspect-ratio\"><div class=\"wp-block-embed__wrapper\">\n<iframe loading=\"lazy\" title=\"Cecilia Zilliacus &amp; Lena Willemark plays Bach\" width=\"800\" height=\"450\" src=\"https:\/\/www.youtube.com\/embed\/0kT4xH9tcfA?feature=oembed\" frameborder=\"0\" allow=\"accelerometer; autoplay; encrypted-media; gyroscope; picture-in-picture\" allowfullscreen><\/iframe>\n<\/div><\/figure>\n\n\n\n<figure class=\"wp-block-image\"><img loading=\"lazy\" decoding=\"async\" width=\"1024\" height=\"535\" src=\"https:\/\/www.kulttuurikolari.fi\/wp-content\/uploads\/2019\/06\/nama-1024x535.jpg\" alt=\"\" class=\"wp-image-521\" srcset=\"https:\/\/www.kulttuurikolari.fi\/wp-content\/uploads\/2019\/06\/nama-1024x535.jpg 1024w, https:\/\/www.kulttuurikolari.fi\/wp-content\/uploads\/2019\/06\/nama-300x157.jpg 300w, https:\/\/www.kulttuurikolari.fi\/wp-content\/uploads\/2019\/06\/nama-768x401.jpg 768w, https:\/\/www.kulttuurikolari.fi\/wp-content\/uploads\/2019\/06\/nama.jpg 1339w\" sizes=\"auto, (max-width: 1024px) 100vw, 1024px\" \/><figcaption>Vasemmalla  <strong> Cecilia Zilliacus<\/strong> \/ cr: Mia Marin ja oikealla <strong>Lena Willemark<\/strong> \/ cr: Per Kristiansen <\/figcaption><\/figure>\n","protected":false},"excerpt":{"rendered":"<p>Maanantai 1.7 Kello: 19.00 Kolarinsaaren kirkko Ruotsalaismuusikot Cecilia Zilliacus ja Lena Willemark tuovat Kolarinsaaren kirkkoon ohjelman, jossa klassinen ja folkmusiikki kohtaavat. Willemarkin laulut kommentoivat taituriviulistin Bach-esityst\u00e4 ja duo heitt\u00e4ytyy yhdess\u00e4 heille s\u00e4velletyn Dansa-esityksen py\u00f6rteisiin. Konsertti j\u00e4rjestet\u00e4\u00e4n yhteisty\u00f6ss\u00e4 V\u00e4yl\u00e4festivaalin kanssa. Esitys on maksullinen. Liput 20\/18\/8 euroa. Dansa-esitys j\u00e4rjestet\u00e4\u00e4n Kolarinsaaren kirkossa. Osoite on Siltatie 4, 95900 Kolari. Katso tapahtumapaikka kartalla<\/p>\n","protected":false},"author":2,"featured_media":0,"parent":0,"menu_order":0,"comment_status":"closed","ping_status":"closed","template":"","meta":{"footnotes":""},"class_list":["post-520","page","type-page","status-publish"],"_links":{"self":[{"href":"https:\/\/www.kulttuurikolari.fi\/index.php?rest_route=\/wp\/v2\/pages\/520","targetHints":{"allow":["GET"]}}],"collection":[{"href":"https:\/\/www.kulttuurikolari.fi\/index.php?rest_route=\/wp\/v2\/pages"}],"about":[{"href":"https:\/\/www.kulttuurikolari.fi\/index.php?rest_route=\/wp\/v2\/types\/page"}],"author":[{"embeddable":true,"href":"https:\/\/www.kulttuurikolari.fi\/index.php?rest_route=\/wp\/v2\/users\/2"}],"replies":[{"embeddable":true,"href":"https:\/\/www.kulttuurikolari.fi\/index.php?rest_route=%2Fwp%2Fv2%2Fcomments&post=520"}],"version-history":[{"count":6,"href":"https:\/\/www.kulttuurikolari.fi\/index.php?rest_route=\/wp\/v2\/pages\/520\/revisions"}],"predecessor-version":[{"id":808,"href":"https:\/\/www.kulttuurikolari.fi\/index.php?rest_route=\/wp\/v2\/pages\/520\/revisions\/808"}],"wp:attachment":[{"href":"https:\/\/www.kulttuurikolari.fi\/index.php?rest_route=%2Fwp%2Fv2%2Fmedia&parent=520"}],"curies":[{"name":"wp","href":"https:\/\/api.w.org\/{rel}","templated":true}]}}