{"id":536,"date":"2019-06-16T11:13:59","date_gmt":"2019-06-16T11:13:59","guid":{"rendered":"https:\/\/www.kulttuurikolari.fi\/?page_id=536"},"modified":"2019-06-24T07:28:16","modified_gmt":"2019-06-24T07:28:16","slug":"henkilo-v-ja-harakka-vinsentti-sirkuksessa","status":"publish","type":"page","link":"https:\/\/www.kulttuurikolari.fi\/?page_id=536","title":{"rendered":"Henkil\u00f6 V ja Harakka Vinsentti sirkuksessa"},"content":{"rendered":"\n<div class=\"wp-block-cover has-background-dim\" style=\"background-image:url(https:\/\/www.kulttuurikolari.fi\/wp-content\/uploads\/2019\/06\/TT-Henkil\u00f6VV.jpg);background-position:68.5% 24.285714285714285%\"><div class=\"wp-block-cover__inner-container is-layout-flow wp-block-cover-is-layout-flow\">\n<p style=\"text-align:center\" class=\"has-large-font-size\">Henkil\u00f6 V ja Harakka Vinsentti sirkuksessa<\/p>\n<\/div><\/div>\n\n\n\n<h3 class=\"wp-block-heading\"><strong>4.7. TORSTAI<\/strong><\/h3>\n\n\n\n<h4 class=\"wp-block-heading\">Kello: 15<br>Paikka: Myllyojan puisto, 95900 Kolari<\/h4>\n\n\n\n<p>Teatteri Tien uutuusn\u00e4ytelm\u00e4: Henkil\u00f6 V ja Harakka Vinsentti sirkuksessa saapuu KulttuuriKolariin! Kyseess\u00e4 on teatteriesitys, joka on erityisesti lasten mieleen.<\/p>\n\n\n\n<p>Aapelin lastenkirjojen rakastettu keskushahmo Vinski, eli henkil\u00f6 V tapaa er\u00e4\u00e4n harakan. &nbsp;Teatteri Tien kes\u00e4inen, koko perheen n\u00e4ytelm\u00e4 perustuu kirjaan Vinski ja Vinsentti.<\/p>\n\n\n\n<p>On kes\u00e4 ja n\u00e4kym\u00e4tt\u00f6myyspulveri on loppu. Henkil\u00f6 V tuntee olonsa haikeaksi ja yksin\u00e4iseksi. Silloin er\u00e4s harakka ilmoittaa olevansa alustavasti kiinnostunut ymm\u00e4rt\u00e4m\u00e4\u00e4n Henkil\u00f6 V:n puhetta. <br><\/p>\n\n\n\n<p>Henkil\u00f6 V ilmoittaa v\u00e4litt\u00f6m\u00e4sti, ett\u00e4 h\u00e4nkin haluaisi ymm\u00e4rt\u00e4\u00e4 harakan puhetta. Ja tuossa tuokiossa Henkil\u00f6 V sek\u00e4 Harakka Vinsentti muodostavat t\u00f6rke\u00e4n erinomaisen ly\u00f6m\u00e4tt\u00f6m\u00e4n &nbsp;yhdistelm\u00e4n ryhtyess\u00e4\u00e4n asettelemaan kes\u00e4isi\u00e4 toimitettaviaan t\u00e4rkeysj\u00e4rjestykseen.<\/p>\n\n\n\n<p><br>Miten k\u00e4y punap\u00e4it\u00e4 vihaavan rva Krumelinin muotihattun\u00e4yt\u00f6ksen? Onnistuuko pikkulintuja ammuskelevan &nbsp;herra Pumpanin todellakin toimittaa my\u00f6s Harakka Vinsentti autuaammille mets\u00e4stysmaille? Teatteri Tien esitys kertoo uunituoreet vastaukset.<\/p>\n\n\n\n<p><br>Esityksen kesto: n. 40 min. (v\u00e4liajan kanssa n. 1h)<br>Rooleissa: Johanna Ahonen<br>N\u00e4ytelm\u00e4ksi kirjoittaminen ja ohjaus: Hannu Raatikainen<br>Ik\u00e4suositus: Yli viisivuotiaille <\/p>\n\n\n\n<p class=\"has-text-color has-vivid-cyan-blue-color\"><a href=\"https:\/\/www.facebook.com\/teatteritie\/\">Lis\u00e4\u00e4 kuvia ja tunnelmaa Teatteri Tien Facebook sivuilla<\/a><\/p>\n\n\n\n<div class=\"wp-block-image\"><figure class=\"aligncenter\"><img loading=\"lazy\" decoding=\"async\" width=\"1024\" height=\"733\" src=\"https:\/\/www.kulttuurikolari.fi\/wp-content\/uploads\/2019\/06\/TTVi-1024x733.jpg\" alt=\"\" class=\"wp-image-580\" srcset=\"https:\/\/www.kulttuurikolari.fi\/wp-content\/uploads\/2019\/06\/TTVi-1024x733.jpg 1024w, https:\/\/www.kulttuurikolari.fi\/wp-content\/uploads\/2019\/06\/TTVi-300x215.jpg 300w, https:\/\/www.kulttuurikolari.fi\/wp-content\/uploads\/2019\/06\/TTVi-768x550.jpg 768w\" sizes=\"auto, (max-width: 1024px) 100vw, 1024px\" \/><figcaption>Teatteri Tien n\u00e4yttelij\u00e4.<\/figcaption><\/figure><\/div>\n\n\n\n<figure class=\"wp-block-image\"><img loading=\"lazy\" decoding=\"async\" width=\"1024\" height=\"683\" src=\"https:\/\/www.kulttuurikolari.fi\/wp-content\/uploads\/2019\/06\/kolari_myllyojanpuisto-1024x683.jpg\" alt=\"\" class=\"wp-image-868\" srcset=\"https:\/\/www.kulttuurikolari.fi\/wp-content\/uploads\/2019\/06\/kolari_myllyojanpuisto-1024x683.jpg 1024w, https:\/\/www.kulttuurikolari.fi\/wp-content\/uploads\/2019\/06\/kolari_myllyojanpuisto-300x200.jpg 300w, https:\/\/www.kulttuurikolari.fi\/wp-content\/uploads\/2019\/06\/kolari_myllyojanpuisto-768x512.jpg 768w\" sizes=\"auto, (max-width: 1024px) 100vw, 1024px\" \/><figcaption>Myllyojan puisto Kolarin kirkonkyl\u00e4n vieress\u00e4.<br>Kuva: Pete Huttunen<br> Kolarin kunta \/ Leader Tunturi-Lappi ry  <\/figcaption><\/figure>\n","protected":false},"excerpt":{"rendered":"<p>4.7. TORSTAI Kello: 15Paikka: Myllyojan puisto, 95900 Kolari Teatteri Tien uutuusn\u00e4ytelm\u00e4: Henkil\u00f6 V ja Harakka Vinsentti sirkuksessa saapuu KulttuuriKolariin! Kyseess\u00e4 on teatteriesitys, joka on erityisesti lasten mieleen. Aapelin lastenkirjojen rakastettu keskushahmo Vinski, eli henkil\u00f6 V tapaa er\u00e4\u00e4n harakan. &nbsp;Teatteri Tien kes\u00e4inen, koko perheen n\u00e4ytelm\u00e4 perustuu kirjaan Vinski ja Vinsentti. On kes\u00e4 ja n\u00e4kym\u00e4tt\u00f6myyspulveri on loppu. Henkil\u00f6 V tuntee olonsa haikeaksi ja yksin\u00e4iseksi. Silloin er\u00e4s harakka ilmoittaa olevansa alustavasti kiinnostunut ymm\u00e4rt\u00e4m\u00e4\u00e4n Henkil\u00f6 V:n puhetta. Henkil\u00f6 V ilmoittaa v\u00e4litt\u00f6m\u00e4sti, ett\u00e4 h\u00e4nkin haluaisi ymm\u00e4rt\u00e4\u00e4 harakan puhetta. Ja tuossa tuokiossa Henkil\u00f6 V sek\u00e4 Harakka Vinsentti muodostavat t\u00f6rke\u00e4n erinomaisen ly\u00f6m\u00e4tt\u00f6m\u00e4n &nbsp;yhdistelm\u00e4n ryhtyess\u00e4\u00e4n asettelemaan kes\u00e4isi\u00e4 toimitettaviaan t\u00e4rkeysj\u00e4rjestykseen. Miten k\u00e4y punap\u00e4it\u00e4 vihaavan rva Krumelinin muotihattun\u00e4yt\u00f6ksen? Onnistuuko pikkulintuja ammuskelevan &nbsp;herra Pumpanin todellakin toimittaa my\u00f6s Harakka Vinsentti autuaammille mets\u00e4stysmaille? Teatteri Tien esitys kertoo uunituoreet vastaukset. Esityksen kesto: n. 40 min. (v\u00e4liajan kanssa n. 1h)Rooleissa: Johanna AhonenN\u00e4ytelm\u00e4ksi kirjoittaminen ja ohjaus: Hannu RaatikainenIk\u00e4suositus: Yli viisivuotiaille Lis\u00e4\u00e4 kuvia ja tunnelmaa Teatteri Tien&hellip;<\/p>\n<p> <a class=\"more-link\" href=\"https:\/\/www.kulttuurikolari.fi\/?page_id=536\">Lue Lis\u00e4\u00e4<\/a><\/p>\n","protected":false},"author":2,"featured_media":0,"parent":0,"menu_order":0,"comment_status":"closed","ping_status":"closed","template":"","meta":{"footnotes":""},"class_list":["post-536","page","type-page","status-publish"],"_links":{"self":[{"href":"https:\/\/www.kulttuurikolari.fi\/index.php?rest_route=\/wp\/v2\/pages\/536","targetHints":{"allow":["GET"]}}],"collection":[{"href":"https:\/\/www.kulttuurikolari.fi\/index.php?rest_route=\/wp\/v2\/pages"}],"about":[{"href":"https:\/\/www.kulttuurikolari.fi\/index.php?rest_route=\/wp\/v2\/types\/page"}],"author":[{"embeddable":true,"href":"https:\/\/www.kulttuurikolari.fi\/index.php?rest_route=\/wp\/v2\/users\/2"}],"replies":[{"embeddable":true,"href":"https:\/\/www.kulttuurikolari.fi\/index.php?rest_route=%2Fwp%2Fv2%2Fcomments&post=536"}],"version-history":[{"count":13,"href":"https:\/\/www.kulttuurikolari.fi\/index.php?rest_route=\/wp\/v2\/pages\/536\/revisions"}],"predecessor-version":[{"id":872,"href":"https:\/\/www.kulttuurikolari.fi\/index.php?rest_route=\/wp\/v2\/pages\/536\/revisions\/872"}],"wp:attachment":[{"href":"https:\/\/www.kulttuurikolari.fi\/index.php?rest_route=%2Fwp%2Fv2%2Fmedia&parent=536"}],"curies":[{"name":"wp","href":"https:\/\/api.w.org\/{rel}","templated":true}]}}