{"id":57,"date":"2019-05-23T10:51:53","date_gmt":"2019-05-23T10:51:53","guid":{"rendered":"https:\/\/www.kulttuurikolari.fi\/?page_id=57"},"modified":"2019-06-29T14:24:51","modified_gmt":"2019-06-29T14:24:51","slug":"aikataulu","status":"publish","type":"page","link":"https:\/\/www.kulttuurikolari.fi\/?page_id=57","title":{"rendered":"Aikataulu"},"content":{"rendered":"\n<div class=\"wp-block-image\"><figure class=\"aligncenter\"><img loading=\"lazy\" decoding=\"async\" width=\"1024\" height=\"576\" src=\"https:\/\/www.kulttuurikolari.fi\/wp-content\/uploads\/2019\/06\/My-Post-4-1024x576.png\" alt=\"\" class=\"wp-image-497\" srcset=\"https:\/\/www.kulttuurikolari.fi\/wp-content\/uploads\/2019\/06\/My-Post-4-1024x576.png 1024w, https:\/\/www.kulttuurikolari.fi\/wp-content\/uploads\/2019\/06\/My-Post-4-300x169.png 300w, https:\/\/www.kulttuurikolari.fi\/wp-content\/uploads\/2019\/06\/My-Post-4-768x432.png 768w\" sizes=\"auto, (max-width: 1024px) 100vw, 1024px\" \/><\/figure><\/div>\n\n\n\n<h2 class=\"wp-block-heading\">Aikataulu<\/h2>\n\n\n\n<h4 class=\"wp-block-heading\">Tapahtumapaikat<\/h4>\n\n\n\n<p>Ohjelmien tapahtumapaikka on entisen Alkon tiloissa Valintatalon yhteydess\u00e4 osoitteessa<strong> Kauppakuja 2, 95900 Kolari<\/strong> ellei toisin mainita. <\/p>\n\n\n\n<p><a href=\"https:\/\/www.kulttuurikolari.fi\/?page_id=32\">Lis\u00e4tietoa tapahtumapaikoista l\u00f6yd\u00e4t Tapahtumapaikat -sivultamme.<\/a><\/p>\n\n\n\n<h4 class=\"wp-block-heading\">Ohjelmien aikataulu<\/h4>\n\n\n\n<p><a href=\"https:\/\/www.kulttuurikolari.fi\/?page_id=256\">Tarkempaa tietoa ohjelmanumeroista l\u00f6yd\u00e4t Ohjelma-sivultamme.<\/a><\/p>\n\n\n\n<ul class=\"wp-block-list\"><li> <strong>El\u00e4m\u00e4npolku-kirjoituskurssi <\/strong>24.\u201327.6. kouluttaja Pepi Reinikainen (ilmoittautuminen p\u00e4\u00e4ttynyt) <\/li><li><strong>Alli-Katri Forsstedtin taiden\u00e4yttely<\/strong> 28\u201330.6. Katso p\u00e4iv\u00e4kohtaiset aukioloajat alta.<\/li><\/ul>\n\n\n\n<h3 class=\"wp-block-heading\">Perjantai 28.6.<\/h3>\n\n\n\n<ul class=\"wp-block-list\"><li>Kello 9\u201312 <strong>Roskat &amp; Aarteet katutaidety\u00f6paja. <\/strong>Ohjaaja: P\u00e4ivi Takala. Tehd\u00e4\u00e4n pieni taideteos yksin ja yhdess\u00e4 ymp\u00e4rist\u00f6st\u00e4 l\u00f6ytyvist\u00e4 roskista ja aarteista. Valokuvista tehd\u00e4\u00e4n nettin\u00e4yttely.<\/li><li>Kello 12.00 <strong>KulttuuriKolarin avaus<\/strong>:<\/li><li><strong>Alli Katri Forsstedtin Romua ja Rakhautta<\/strong> -n\u00e4yttelyn avajaiset. Romua ja Rakhautta -n\u00e4yttely kello 12-21.&nbsp;<\/li><li><strong>FM, v\u00e4it\u00f6skirjatutkija Juha Eskola<\/strong> luotaa Tornionlaakson &nbsp;ITE-taiteen olemusta<\/li><li>Kello 13.30<strong> Pepi Reinikainen esittelee teostaan &nbsp;Nuoruuteni Nunnala \u2013 Sis\u00e4oppilaitoksen salatut vuodet<\/strong><\/li><li>Kello 15 <strong>Johanna Laitila kertoo romaanistaan Lilium regale<\/strong>. Haastattelijana Lapin kirjallisuusseuran varapj. Irene Piippola<\/li><li>Kellon 16 <strong>Kuntamarkkinoinnin SM-hopeaa saanut KylienKolari-hanke esitt\u00e4ytyy ja tarjoaa kakkukahvit<\/strong>. Tapahtuu Kauppakuja 2 pihapiirist\u00e4 l\u00f6ytyv\u00e4ll\u00e4 teltalla. Paikalla tavattavissa ovat KylienKolari-hankkeen projektip\u00e4\u00e4llikk\u00f6 Jyrki Vaattovaara, kunnan kehitysjohtaja Nina-Maria M\u00f6ykkynen sek\u00e4 kunnanhallituksen puheenjohtaja Helena Kaikkonen-Tiensuu. <\/li><li>Kello 17<strong> Kylien Kolari esitt\u00e4\u00e4<\/strong> Vaattoj\u00e4rven amat\u00f6\u00f6rin\u00e4yttelij\u00e4t: Teknologiaspektaakkeli eli puhelinlinjoista valokaapeliin. Ohjaus Jyrki Vaattovaara.<\/li><li>Kello 18 <strong>Alli Katri Forsstedtin (laulu) ja Tomi Pentinpuron (s\u00e4estys) laulullinen ilta<\/strong><\/li><li>Kello 20 <strong>Vapaamuotoista illanviettoa KulttuuriKolarin tapaan<\/strong>. Ohjelmassa muun muassa: lavarunoilija <strong>Inka Iki-Ihana<\/strong>, <strong>Mr. Moart &amp; Co<\/strong>.  -musiikkikollektiivi:<br>Arto Moisala &#8211; saksofoni, iPadit, efektit, loopperit, EWI<br>Henri Laitinen &#8211; s\u00e4hk\u00f6basso<br>Kimmo Salminen &#8211; rummut <\/li><\/ul>\n\n\n\n<h3 class=\"wp-block-heading\">Lauantai 29.6.<\/h3>\n\n\n\n<ul class=\"wp-block-list\"><li>Kello 11\u201321 <strong>Alli Katri Forsstedtin Romua ja Rakhautta \u2013<\/strong>n\u00e4yttely<\/li><li>Kello 11 <strong>Katariina Korhosen kirjan Peiliin katsomisen paikka julkistamistilaisuus<\/strong>. Haastattelijana V\u00e4yl\u00e4kirjojen kirjankustantaja Tuomo Korteniemi.<\/li><li>Kello 12\u201315 <strong>Ekokassipaja <\/strong>avoinna lapsille ja aikuisille<\/li><li>Kello 13 <strong>Kirjailijavieraana Mikael Niemi<\/strong>. Haastattelija toimittaja ja tulkki \u00a0Hannele Kentt\u00e4<\/li><li>Kello 15 <strong>Luoteis-Lapin MC &amp; Co moottoriajoneuvokulkue<\/strong><\/li><li>Kello 16 <strong>Unto Matinlompolo tulkittee knapsu-k\u00e4sitheen olemusta<\/strong>. \u201cKnapsu on mies joka tekee naisten t\u00f6it\u00e4 naismaisella tavalla\u201d<\/li><li>Kello 18 <strong>Vapaamuotoista illanviettoa KulttuuriKolarin tapaan<\/strong><\/li><li>Kello 18 <strong>Mauri Pudas esitt\u00e4\u00e4 Oiva Arvolan saagoja<\/strong> KulttuuriKolarin illanvietossa<\/li><li>Noin kello 19:30:  <strong>Mr. Moart &amp; Co<\/strong>.  -musiikkikollektiivi:<br>Arto Moisala &#8211; saksofoni, iPadit, efektit, loopperit, EWI<br>Henri Laitinen &#8211; s\u00e4hk\u00f6basso<br>Kimmo Salminen &#8211; rummut   <\/li><li>Kello 21 <strong>Beatcakes<\/strong>. Rovaniemel\u00e4inen Beatles-tribuuttib\u00e4ndi<br>Jari Karjalainen &#8211; laulu, kitara ja piano<br>Jaakko Niemi &#8211; rummut ja laulu<br>Heikki Vaara &#8211; kitara ja laulu<br>Marko Niemel\u00e4 &#8211; bassokitara ja laulu <\/li><\/ul>\n\n\n\n<h3 class=\"wp-block-heading\">Sunnuntai 30.6.<\/h3>\n\n\n\n<ul class=\"wp-block-list\"><li>Kello 11\u201316 <strong>Alli Katri Forsstedtin Romua ja Rakhautta \u2013<\/strong>n\u00e4yttely p\u00e4\u00e4ttyy<\/li><li>Kello 11 <strong>Messu<\/strong> Kolarinsaaren vanhassa kirkossa<\/li><li>Kello 12 Tietokirjailija <strong>Marja Pirttivaara: Geneettinen sukututkimus<\/strong> <\/li><li>Kello 15 <strong>KulttuuriKolarin sirkusspesiaali <\/strong>Kolarin lukion juhlasalissa (Kolarin lukio, Jokijalantie 43, 95900 Kolari) <strong>Rohki Hy\u00e4 Sirkus <\/strong>ja <strong>Anybody Absent: Kerran unessa<\/strong><\/li><li>Kello 17 <strong>Taiteilijatapaaminen &nbsp;Essi Korvan kanssa<\/strong> <strong>Willa Korvassa Sammalvaarassa<\/strong>. Linja-autokuljetus klo 16.30 Jokijalka 65:n edest\u00e4.<\/li><\/ul>\n\n\n\n<h3 class=\"wp-block-heading\">Maanantai 1.7.<\/h3>\n\n\n\n<ul class=\"wp-block-list\"><li>Kello 10\u201318 <strong>Willa Korvan avoimet ovet Sammalvaarassa<\/strong><\/li><li>Kello 19 <strong>Dansa-esitys Kolarinsaaren kirkossa<\/strong><\/li><\/ul>\n\n\n\n<h3 class=\"wp-block-heading\">Tiistai 2.7.<\/h3>\n\n\n\n<ul class=\"wp-block-list\"><li>Kello 10\u201318 <strong>Willa Korvan avoimet ovet<\/strong> Sammalvaarassa.<\/li><\/ul>\n\n\n\n<h3 class=\"wp-block-heading\">Torstai 4.7.<\/h3>\n\n\n\n<ul class=\"wp-block-list\"><li>Kello 15 <strong>Henkil\u00f6 V ja Harakka Vinsentti sirkuksessa<\/strong>. Teatteri tien esitt\u00e4m\u00e4 lastenteatteriesitys yli viisi vuotiaille. Myllyojan puistossa Kolarinsaareen viev\u00e4n sillan kupeessa.<\/li><\/ul>\n\n\n\n<p><\/p>\n\n\n\n<p><\/p>\n\n\n\n<p>Ohjelmamuutokset KulttuuriKolarin ohjelmaan ovat mahdollisia.<\/p>\n\n\n\n<p><\/p>\n\n\n\n<p>Tapahtuman j\u00e4rjest\u00e4\u00e4 Kolarin kirjasto- ja kulttuuritoimi. Ohjelmasta vastaa Ky\u00f6sti Satokangas: kyosti.satokangas@kolari.fi tai puh. 040 489 5015<\/p>\n\n\n\n<p><\/p>\n","protected":false},"excerpt":{"rendered":"<p>Aikataulu Tapahtumapaikat Ohjelmien tapahtumapaikka on entisen Alkon tiloissa Valintatalon yhteydess\u00e4 osoitteessa Kauppakuja 2, 95900 Kolari ellei toisin mainita. Lis\u00e4tietoa tapahtumapaikoista l\u00f6yd\u00e4t Tapahtumapaikat -sivultamme. Ohjelmien aikataulu Tarkempaa tietoa ohjelmanumeroista l\u00f6yd\u00e4t Ohjelma-sivultamme. El\u00e4m\u00e4npolku-kirjoituskurssi 24.\u201327.6. kouluttaja Pepi Reinikainen (ilmoittautuminen p\u00e4\u00e4ttynyt) Alli-Katri Forsstedtin taiden\u00e4yttely 28\u201330.6. Katso p\u00e4iv\u00e4kohtaiset aukioloajat alta. Perjantai 28.6. Kello 9\u201312 Roskat &amp; Aarteet katutaidety\u00f6paja. Ohjaaja: P\u00e4ivi Takala. Tehd\u00e4\u00e4n pieni taideteos yksin ja yhdess\u00e4 ymp\u00e4rist\u00f6st\u00e4 l\u00f6ytyvist\u00e4 roskista ja aarteista. Valokuvista tehd\u00e4\u00e4n nettin\u00e4yttely. Kello 12.00 KulttuuriKolarin avaus: Alli Katri Forsstedtin Romua ja Rakhautta -n\u00e4yttelyn avajaiset. Romua ja Rakhautta -n\u00e4yttely kello 12-21.&nbsp; FM, v\u00e4it\u00f6skirjatutkija Juha Eskola luotaa Tornionlaakson &nbsp;ITE-taiteen olemusta Kello 13.30 Pepi Reinikainen esittelee teostaan &nbsp;Nuoruuteni Nunnala \u2013 Sis\u00e4oppilaitoksen salatut vuodet Kello 15 Johanna Laitila kertoo romaanistaan Lilium regale. Haastattelijana Lapin kirjallisuusseuran varapj. Irene Piippola Kellon 16 Kuntamarkkinoinnin SM-hopeaa saanut KylienKolari-hanke esitt\u00e4ytyy ja tarjoaa kakkukahvit. Tapahtuu Kauppakuja 2 pihapiirist\u00e4 l\u00f6ytyv\u00e4ll\u00e4 teltalla. Paikalla tavattavissa ovat KylienKolari-hankkeen projektip\u00e4\u00e4llikk\u00f6 Jyrki Vaattovaara, kunnan kehitysjohtaja Nina-Maria M\u00f6ykkynen sek\u00e4&hellip;<\/p>\n<p> <a class=\"more-link\" href=\"https:\/\/www.kulttuurikolari.fi\/?page_id=57\">Lue Lis\u00e4\u00e4<\/a><\/p>\n","protected":false},"author":2,"featured_media":0,"parent":0,"menu_order":0,"comment_status":"closed","ping_status":"closed","template":"","meta":{"footnotes":""},"class_list":["post-57","page","type-page","status-publish"],"_links":{"self":[{"href":"https:\/\/www.kulttuurikolari.fi\/index.php?rest_route=\/wp\/v2\/pages\/57","targetHints":{"allow":["GET"]}}],"collection":[{"href":"https:\/\/www.kulttuurikolari.fi\/index.php?rest_route=\/wp\/v2\/pages"}],"about":[{"href":"https:\/\/www.kulttuurikolari.fi\/index.php?rest_route=\/wp\/v2\/types\/page"}],"author":[{"embeddable":true,"href":"https:\/\/www.kulttuurikolari.fi\/index.php?rest_route=\/wp\/v2\/users\/2"}],"replies":[{"embeddable":true,"href":"https:\/\/www.kulttuurikolari.fi\/index.php?rest_route=%2Fwp%2Fv2%2Fcomments&post=57"}],"version-history":[{"count":20,"href":"https:\/\/www.kulttuurikolari.fi\/index.php?rest_route=\/wp\/v2\/pages\/57\/revisions"}],"predecessor-version":[{"id":956,"href":"https:\/\/www.kulttuurikolari.fi\/index.php?rest_route=\/wp\/v2\/pages\/57\/revisions\/956"}],"wp:attachment":[{"href":"https:\/\/www.kulttuurikolari.fi\/index.php?rest_route=%2Fwp%2Fv2%2Fmedia&parent=57"}],"curies":[{"name":"wp","href":"https:\/\/api.w.org\/{rel}","templated":true}]}}