{"id":684,"date":"2019-06-16T11:14:56","date_gmt":"2019-06-16T11:14:56","guid":{"rendered":"https:\/\/www.kulttuurikolari.fi\/?page_id=684"},"modified":"2019-06-24T08:30:24","modified_gmt":"2019-06-24T08:30:24","slug":"kulttuurikolarin-avajaiset","status":"publish","type":"page","link":"https:\/\/www.kulttuurikolari.fi\/?page_id=684","title":{"rendered":"KulttuuriKolarin avajaiset"},"content":{"rendered":"\n<div class=\"wp-block-cover has-background-dim\" style=\"background-image:url(https:\/\/www.kulttuurikolari.fi\/wp-content\/uploads\/2019\/06\/kansi.png);background-position:43.984962406015036% 0.9803861730238971%\"><div class=\"wp-block-cover__inner-container is-layout-flow wp-block-cover-is-layout-flow\">\n<p style=\"text-align:center\" class=\"has-large-font-size\">KulttuuriKolarin avajaiset<\/p>\n<\/div><\/div>\n\n\n\n<h3 class=\"wp-block-heading\">Perjantaina 28.6.<\/h3>\n\n\n\n<h4 class=\"wp-block-heading\">Kello 12.00<br>Kauppakuja 2, 95900 Kolari<\/h4>\n\n\n\n<p>KulttuuriKolari 2019 avajaisissa n\u00e4hd\u00e4\u00e4n Alli Katri Forsstedin Romu ja Rakhautta -taiden\u00e4yttelyn avaus, sek\u00e4 kuullaan ITE-taiteen olemuksesta Juha Eskolan johdattelemana. L\u00e4mpim\u00e4sti tervetuloa!<\/p>\n\n\n\n<div class=\"wp-block-cover has-pale-pink-background-color has-background-dim\" style=\"background-image:url(https:\/\/www.kulttuurikolari.fi\/wp-content\/uploads\/2019\/06\/kansi.png);background-position:39.473684210526315% 15.098033231847428%\"><div class=\"wp-block-cover__inner-container is-layout-flow wp-block-cover-is-layout-flow\">\n<p style=\"font-size:18px;text-align:center\" class=\"has-text-color has-background has-very-dark-gray-color has-very-light-gray-background-color\"><a href=\"https:\/\/www.kulttuurikolari.fi\/?page_id=293\"><strong>Romua ja Rakhautta -n\u00e4yttelyn avaus<\/strong><\/a><\/p>\n<\/div><\/div>\n\n\n\n<div class=\"wp-block-cover has-pale-pink-background-color has-background-dim\" style=\"background-image:url(https:\/\/www.kulttuurikolari.fi\/wp-content\/uploads\/2019\/06\/IMG_0813-Olenitsa-ITE-taitelijan-piha.jpg);background-position:52% 33.696659851074216%\"><div class=\"wp-block-cover__inner-container is-layout-flow wp-block-cover-is-layout-flow\">\n<p style=\"font-size:18px;text-align:center\" class=\"has-text-color has-background has-very-dark-gray-color has-very-light-gray-background-color\"><a href=\"https:\/\/www.kulttuurikolari.fi\/?page_id=320\"><strong>V\u00e4it\u00f6skirjatutkija Juha Eskola luotaa Tornionlaakson \u00a0ITE-taiteen olemusta<\/strong><\/a><\/p>\n<\/div><\/div>\n","protected":false},"excerpt":{"rendered":"<p>Perjantaina 28.6. Kello 12.00Kauppakuja 2, 95900 Kolari KulttuuriKolari 2019 avajaisissa n\u00e4hd\u00e4\u00e4n Alli Katri Forsstedin Romu ja Rakhautta -taiden\u00e4yttelyn avaus, sek\u00e4 kuullaan ITE-taiteen olemuksesta Juha Eskolan johdattelemana. L\u00e4mpim\u00e4sti tervetuloa!<\/p>\n","protected":false},"author":2,"featured_media":0,"parent":0,"menu_order":0,"comment_status":"closed","ping_status":"closed","template":"","meta":{"footnotes":""},"class_list":["post-684","page","type-page","status-publish"],"_links":{"self":[{"href":"https:\/\/www.kulttuurikolari.fi\/index.php?rest_route=\/wp\/v2\/pages\/684","targetHints":{"allow":["GET"]}}],"collection":[{"href":"https:\/\/www.kulttuurikolari.fi\/index.php?rest_route=\/wp\/v2\/pages"}],"about":[{"href":"https:\/\/www.kulttuurikolari.fi\/index.php?rest_route=\/wp\/v2\/types\/page"}],"author":[{"embeddable":true,"href":"https:\/\/www.kulttuurikolari.fi\/index.php?rest_route=\/wp\/v2\/users\/2"}],"replies":[{"embeddable":true,"href":"https:\/\/www.kulttuurikolari.fi\/index.php?rest_route=%2Fwp%2Fv2%2Fcomments&post=684"}],"version-history":[{"count":12,"href":"https:\/\/www.kulttuurikolari.fi\/index.php?rest_route=\/wp\/v2\/pages\/684\/revisions"}],"predecessor-version":[{"id":920,"href":"https:\/\/www.kulttuurikolari.fi\/index.php?rest_route=\/wp\/v2\/pages\/684\/revisions\/920"}],"wp:attachment":[{"href":"https:\/\/www.kulttuurikolari.fi\/index.php?rest_route=%2Fwp%2Fv2%2Fmedia&parent=684"}],"curies":[{"name":"wp","href":"https:\/\/api.w.org\/{rel}","templated":true}]}}