{"id":749,"date":"2019-06-18T12:00:52","date_gmt":"2019-06-18T12:00:52","guid":{"rendered":"https:\/\/www.kulttuurikolari.fi\/?page_id=749"},"modified":"2019-06-21T11:00:31","modified_gmt":"2019-06-21T11:00:31","slug":"lavarunoilija-inka-iki-ihana","status":"publish","type":"page","link":"https:\/\/www.kulttuurikolari.fi\/?page_id=749","title":{"rendered":"Lavarunoilija Inka Iki-Ihana"},"content":{"rendered":"\n<div class=\"wp-block-cover has-background-dim\" style=\"background-image:url(https:\/\/www.kulttuurikolari.fi\/wp-content\/uploads\/2019\/06\/stationery-670874_1920.jpg)\"><div class=\"wp-block-cover__inner-container is-layout-flow wp-block-cover-is-layout-flow\">\n<p style=\"text-align:center\" class=\"has-large-font-size\">Lavarunoilija Inka Iki-Ihana<\/p>\n<\/div><\/div>\n\n\n\n<h3 class=\"wp-block-heading\">Perjantaina 28.6.<\/h3>\n\n\n\n<h4 class=\"wp-block-heading\">KulttuuriKolarin illanvietossa, joka alkaa kello 20 Paikka: Kauppakuja 2, 95900 Kolari<\/h4>\n\n\n\n<p>Lavarunoilija Inka Iki-Ihana saapuu KulttuuriKolariin! Inka Iki-Ihana taiteilijanimell\u00e4 esiintyv\u00e4 Irene Piippola tuottaa omia tekstej\u00e4 esitt\u00e4en niit\u00e4 runolavoilla. Irene Piippola on kirjastonhoitaja, k\u00e4\u00e4nt\u00e4j\u00e4 (suomi-saame) sek\u00e4 Lapin kirjallisuusseuran varapuhenjohtaja. Sanataiteen monitoimijana Irene my\u00f6s arvioi tekstej\u00e4.<br><\/p>\n\n\n\n<p>Irene kertoo olevansa tornionjokivartinen monen sukupolven takaa molempien vanhempien puolelta. \u201cVarsi-nainen siis, luutaki pyssyy k\u00e4ess\u00e4\u201d.<br><\/p>\n\n\n\n<p>Synnyinkyl\u00e4ss\u00e4 Juoksengissa Irene on ideoinut Varokaa iloisia lehmi\u00e4 -maahislehm\u00e4pellon performanssiesityksineen Jokinainenvuonna 2010. \u201cLehm\u00e4t on p\u00e4\u00e4stetty laitumelle n\u00e4ihin vuosiin saakka, lypsyesitys on jo historiaa mutta ah, niin nostalgista historiaa. Mit\u00e4 lie kolmas kausi tuokaan lehmille uutta el\u00e4m\u00e4\u00e4n!\u201d<br><\/p>\n\n\n\n<div class=\"wp-block-image\"><figure class=\"aligncenter\"><img loading=\"lazy\" decoding=\"async\" width=\"335\" height=\"360\" src=\"https:\/\/www.kulttuurikolari.fi\/wp-content\/uploads\/2019\/06\/Irene-Piippola.jpg\" alt=\"\" class=\"wp-image-750\" srcset=\"https:\/\/www.kulttuurikolari.fi\/wp-content\/uploads\/2019\/06\/Irene-Piippola.jpg 335w, https:\/\/www.kulttuurikolari.fi\/wp-content\/uploads\/2019\/06\/Irene-Piippola-279x300.jpg 279w\" sizes=\"auto, (max-width: 335px) 100vw, 335px\" \/><figcaption>Irene Piippola<\/figcaption><\/figure><\/div>\n","protected":false},"excerpt":{"rendered":"<p>Perjantaina 28.6. KulttuuriKolarin illanvietossa, joka alkaa kello 20 Paikka: Kauppakuja 2, 95900 Kolari Lavarunoilija Inka Iki-Ihana saapuu KulttuuriKolariin! Inka Iki-Ihana taiteilijanimell\u00e4 esiintyv\u00e4 Irene Piippola tuottaa omia tekstej\u00e4 esitt\u00e4en niit\u00e4 runolavoilla. Irene Piippola on kirjastonhoitaja, k\u00e4\u00e4nt\u00e4j\u00e4 (suomi-saame) sek\u00e4 Lapin kirjallisuusseuran varapuhenjohtaja. Sanataiteen monitoimijana Irene my\u00f6s arvioi tekstej\u00e4. Irene kertoo olevansa tornionjokivartinen monen sukupolven takaa molempien vanhempien puolelta. \u201cVarsi-nainen siis, luutaki pyssyy k\u00e4ess\u00e4\u201d. Synnyinkyl\u00e4ss\u00e4 Juoksengissa Irene on ideoinut Varokaa iloisia lehmi\u00e4 -maahislehm\u00e4pellon performanssiesityksineen Jokinainenvuonna 2010. \u201cLehm\u00e4t on p\u00e4\u00e4stetty laitumelle n\u00e4ihin vuosiin saakka, lypsyesitys on jo historiaa mutta ah, niin nostalgista historiaa. Mit\u00e4 lie kolmas kausi tuokaan lehmille uutta el\u00e4m\u00e4\u00e4n!\u201d<\/p>\n","protected":false},"author":2,"featured_media":0,"parent":0,"menu_order":0,"comment_status":"closed","ping_status":"closed","template":"","meta":{"footnotes":""},"class_list":["post-749","page","type-page","status-publish"],"_links":{"self":[{"href":"https:\/\/www.kulttuurikolari.fi\/index.php?rest_route=\/wp\/v2\/pages\/749","targetHints":{"allow":["GET"]}}],"collection":[{"href":"https:\/\/www.kulttuurikolari.fi\/index.php?rest_route=\/wp\/v2\/pages"}],"about":[{"href":"https:\/\/www.kulttuurikolari.fi\/index.php?rest_route=\/wp\/v2\/types\/page"}],"author":[{"embeddable":true,"href":"https:\/\/www.kulttuurikolari.fi\/index.php?rest_route=\/wp\/v2\/users\/2"}],"replies":[{"embeddable":true,"href":"https:\/\/www.kulttuurikolari.fi\/index.php?rest_route=%2Fwp%2Fv2%2Fcomments&post=749"}],"version-history":[{"count":5,"href":"https:\/\/www.kulttuurikolari.fi\/index.php?rest_route=\/wp\/v2\/pages\/749\/revisions"}],"predecessor-version":[{"id":815,"href":"https:\/\/www.kulttuurikolari.fi\/index.php?rest_route=\/wp\/v2\/pages\/749\/revisions\/815"}],"wp:attachment":[{"href":"https:\/\/www.kulttuurikolari.fi\/index.php?rest_route=%2Fwp%2Fv2%2Fmedia&parent=749"}],"curies":[{"name":"wp","href":"https:\/\/api.w.org\/{rel}","templated":true}]}}