{"id":764,"date":"2019-06-18T12:24:52","date_gmt":"2019-06-18T12:24:52","guid":{"rendered":"https:\/\/www.kulttuurikolari.fi\/?page_id=764"},"modified":"2019-06-24T07:10:40","modified_gmt":"2019-06-24T07:10:40","slug":"vapaamuotoista-illanviettoa-kulttuurikolarin-tapaan-lauantai","status":"publish","type":"page","link":"https:\/\/www.kulttuurikolari.fi\/?page_id=764","title":{"rendered":"Vapaamuotoista illanviettoa KulttuuriKolarin tapaan (lauantai)"},"content":{"rendered":"\n<div class=\"wp-block-cover has-background-dim\" style=\"background-image:url(https:\/\/www.kulttuurikolari.fi\/wp-content\/uploads\/2019\/06\/four-on-the-rocks.jpg);background-position:52.34375% 12.352941176470589%\"><div class=\"wp-block-cover__inner-container is-layout-flow wp-block-cover-is-layout-flow\">\n<p style=\"text-align:center\" class=\"has-large-font-size\">Vapaamuotoista illanviettoa KulttuuriKolarin tapaan<\/p>\n<\/div><\/div>\n\n\n\n<h3 class=\"wp-block-heading\">29.6. Lauantaina<\/h3>\n\n\n\n<h4 class=\"wp-block-heading\">Kello 18 alkaen<br>Paikka: Kauppakuja 2, 95900 Kolari<\/h4>\n\n\n\n<p>KulttuuriKolarin vapaamuotoisessa illanvietossa lauantaina kuullaan ensin <strong>Oiva Arvolan saagoja Mauri Pudaksen esitt\u00e4m\u00e4n\u00e4<\/strong> kello 18-20 v\u00e4lisen\u00e4 aikana. My\u00f6hemmin illalla esiintyy kaksi yhtyett\u00e4. <\/p>\n\n\n\n<p>Kello 21 alkaen yleis\u00f6\u00e4 viihdytt\u00e4\u00e4 rovaniemel\u00e4inen Beatles-tribuuttib\u00e4ndi <strong>The Beatcakes<\/strong>, joka tarjoaa huolella valittuja klassikoita koko Beatlesin levytysuran varrelta. Kello 23 lavan ottaa haltuun <strong>Mr. Moart &amp; Co<\/strong>. -musiikkikollektiivi. Mr. Moart &amp; Co. on musiikkityylilt\u00e4\u00e4n kirjava, elektronisen-, elokuva- ja ambient-\u00e4\u00e4nimaiseman kautta hip-hop ja jazz-vaikutteisempaankin rytmisemp\u00e4\u00e4n musiikkiin. Tule ja koe!<\/p>\n\n\n\n<p class=\"has-text-color has-vivid-cyan-blue-color\"><a href=\"https:\/\/www.kulttuurikolari.fi\/?page_id=795\">Lue lis\u00e4\u00e4 ohjelmasta <\/a><strong><a href=\"https:\/\/www.kulttuurikolari.fi\/?page_id=795\">Mauri Pudas esitt\u00e4\u00e4 Oiva Arvolan saagoja<\/a><\/strong><br><a href=\"https:\/\/www.kulttuurikolari.fi\/?page_id=423\">Tutustu Beatles-tribuuttib\u00e4ndiin <\/a><strong><a href=\"https:\/\/www.kulttuurikolari.fi\/?page_id=423\">The Beatcakes<\/a><\/strong><br><a href=\"https:\/\/www.kulttuurikolari.fi\/?page_id=379\">Tutustu musiikkikollektiiviin <\/a><strong><a href=\"https:\/\/www.kulttuurikolari.fi\/?page_id=379\">Mr. Moart &amp; Co.<\/a><\/strong><\/p>\n\n\n\n<div class=\"wp-block-image\"><figure class=\"aligncenter\"><img loading=\"lazy\" decoding=\"async\" width=\"723\" height=\"1024\" src=\"https:\/\/www.kulttuurikolari.fi\/wp-content\/uploads\/2019\/06\/My-Post-9-1-723x1024.png\" alt=\"\" class=\"wp-image-860\" srcset=\"https:\/\/www.kulttuurikolari.fi\/wp-content\/uploads\/2019\/06\/My-Post-9-1-723x1024.png 723w, https:\/\/www.kulttuurikolari.fi\/wp-content\/uploads\/2019\/06\/My-Post-9-1-212x300.png 212w, https:\/\/www.kulttuurikolari.fi\/wp-content\/uploads\/2019\/06\/My-Post-9-1-768x1088.png 768w\" sizes=\"auto, (max-width: 723px) 100vw, 723px\" \/><\/figure><\/div>\n\n\n\n<div class=\"wp-block-image\"><figure class=\"aligncenter\"><img loading=\"lazy\" decoding=\"async\" width=\"1024\" height=\"390\" src=\"https:\/\/www.kulttuurikolari.fi\/wp-content\/uploads\/2019\/06\/My-Post-11-1024x390.png\" alt=\"\" class=\"wp-image-765\" srcset=\"https:\/\/www.kulttuurikolari.fi\/wp-content\/uploads\/2019\/06\/My-Post-11-1024x390.png 1024w, https:\/\/www.kulttuurikolari.fi\/wp-content\/uploads\/2019\/06\/My-Post-11-300x114.png 300w, https:\/\/www.kulttuurikolari.fi\/wp-content\/uploads\/2019\/06\/My-Post-11-768x292.png 768w, https:\/\/www.kulttuurikolari.fi\/wp-content\/uploads\/2019\/06\/My-Post-11.png 1640w\" sizes=\"auto, (max-width: 1024px) 100vw, 1024px\" \/><figcaption>Mr. Moart &amp; Co.<\/figcaption><\/figure><\/div>\n","protected":false},"excerpt":{"rendered":"<p>29.6. Lauantaina Kello 18 alkaenPaikka: Kauppakuja 2, 95900 Kolari KulttuuriKolarin vapaamuotoisessa illanvietossa lauantaina kuullaan ensin Oiva Arvolan saagoja Mauri Pudaksen esitt\u00e4m\u00e4n\u00e4 kello 18-20 v\u00e4lisen\u00e4 aikana. My\u00f6hemmin illalla esiintyy kaksi yhtyett\u00e4. Kello 21 alkaen yleis\u00f6\u00e4 viihdytt\u00e4\u00e4 rovaniemel\u00e4inen Beatles-tribuuttib\u00e4ndi The Beatcakes, joka tarjoaa huolella valittuja klassikoita koko Beatlesin levytysuran varrelta. Kello 23 lavan ottaa haltuun Mr. Moart &amp; Co. -musiikkikollektiivi. Mr. Moart &amp; Co. on musiikkityylilt\u00e4\u00e4n kirjava, elektronisen-, elokuva- ja ambient-\u00e4\u00e4nimaiseman kautta hip-hop ja jazz-vaikutteisempaankin rytmisemp\u00e4\u00e4n musiikkiin. Tule ja koe! Lue lis\u00e4\u00e4 ohjelmasta Mauri Pudas esitt\u00e4\u00e4 Oiva Arvolan saagojaTutustu Beatles-tribuuttib\u00e4ndiin The BeatcakesTutustu musiikkikollektiiviin Mr. Moart &amp; Co.<\/p>\n","protected":false},"author":2,"featured_media":0,"parent":0,"menu_order":0,"comment_status":"closed","ping_status":"closed","template":"","meta":{"footnotes":""},"class_list":["post-764","page","type-page","status-publish"],"_links":{"self":[{"href":"https:\/\/www.kulttuurikolari.fi\/index.php?rest_route=\/wp\/v2\/pages\/764","targetHints":{"allow":["GET"]}}],"collection":[{"href":"https:\/\/www.kulttuurikolari.fi\/index.php?rest_route=\/wp\/v2\/pages"}],"about":[{"href":"https:\/\/www.kulttuurikolari.fi\/index.php?rest_route=\/wp\/v2\/types\/page"}],"author":[{"embeddable":true,"href":"https:\/\/www.kulttuurikolari.fi\/index.php?rest_route=\/wp\/v2\/users\/2"}],"replies":[{"embeddable":true,"href":"https:\/\/www.kulttuurikolari.fi\/index.php?rest_route=%2Fwp%2Fv2%2Fcomments&post=764"}],"version-history":[{"count":15,"href":"https:\/\/www.kulttuurikolari.fi\/index.php?rest_route=\/wp\/v2\/pages\/764\/revisions"}],"predecessor-version":[{"id":864,"href":"https:\/\/www.kulttuurikolari.fi\/index.php?rest_route=\/wp\/v2\/pages\/764\/revisions\/864"}],"wp:attachment":[{"href":"https:\/\/www.kulttuurikolari.fi\/index.php?rest_route=%2Fwp%2Fv2%2Fmedia&parent=764"}],"curies":[{"name":"wp","href":"https:\/\/api.w.org\/{rel}","templated":true}]}}