{"id":795,"date":"2019-06-21T10:30:13","date_gmt":"2019-06-21T10:30:13","guid":{"rendered":"https:\/\/www.kulttuurikolari.fi\/?page_id=795"},"modified":"2019-06-21T10:30:13","modified_gmt":"2019-06-21T10:30:13","slug":"mauri-pudas-esittaa-oiva-arvolan-saagoja","status":"publish","type":"page","link":"https:\/\/www.kulttuurikolari.fi\/?page_id=795","title":{"rendered":"Mauri Pudas esitt\u00e4\u00e4 Oiva Arvolan saagoja"},"content":{"rendered":"\n<div class=\"wp-block-cover has-background-dim\" style=\"background-image:url(https:\/\/www.kulttuurikolari.fi\/wp-content\/uploads\/2019\/06\/A3FB2D28-D2D0-462B-8C87-6B70A3816E66-1.jpeg);background-position:54.800000000000004% 21.568621467141543%\"><div class=\"wp-block-cover__inner-container is-layout-flow wp-block-cover-is-layout-flow\">\n<p style=\"text-align:center\" class=\"has-large-font-size\">Mauri Pudas esitt\u00e4\u00e4 Oiva Arvolan saagoja KulttuuriKolarin illanvietossa<\/p>\n<\/div><\/div>\n\n\n\n<h3 class=\"wp-block-heading\">Lauantaina 29.6.<\/h3>\n\n\n\n<h4 class=\"wp-block-heading\">KulttuuriKolarin illanvietossa kello 18-20 v\u00e4lisen\u00e4 aikana<br>Paikka: Kauppakuja 2, 95900 Kolari<\/h4>\n\n\n\n<p>Mauri Pudas esitt\u00e4\u00e4 Oiva Arvolan saagoja KulttuuriKolarin illan vietossa lauantaina. Esitysaika on noin puoli tuntia. Tervetuloa uppoutumaan saagojen maailmaan!<br><br><strong>Saagat:<\/strong><br>Vaaran Artun koulunk\u00e4ynti<br>Ujoimman v\u00e4\u00e4rtin saaga\u00a0<br>(riiuu ei luonnistu)<br>Syytt\u00f6m\u00e4n miehen saaga<br>(isyysep\u00e4ilyn kohtalokkaat seuraukset)<br>Kuva Kimmo Sundstr\u00f6m <\/p>\n\n\n\n<div class=\"wp-block-image\"><figure class=\"aligncenter\"><img loading=\"lazy\" decoding=\"async\" width=\"442\" height=\"602\" src=\"https:\/\/www.kulttuurikolari.fi\/wp-content\/uploads\/2019\/06\/A3FB2D28-D2D0-462B-8C87-6B70A3816E66-2.jpeg\" alt=\"\" class=\"wp-image-798\" srcset=\"https:\/\/www.kulttuurikolari.fi\/wp-content\/uploads\/2019\/06\/A3FB2D28-D2D0-462B-8C87-6B70A3816E66-2.jpeg 442w, https:\/\/www.kulttuurikolari.fi\/wp-content\/uploads\/2019\/06\/A3FB2D28-D2D0-462B-8C87-6B70A3816E66-2-220x300.jpeg 220w\" sizes=\"auto, (max-width: 442px) 100vw, 442px\" \/><figcaption>Kuva:  Kimmo Sundstr\u00f6m <\/figcaption><\/figure><\/div>\n","protected":false},"excerpt":{"rendered":"<p>Lauantaina 29.6. KulttuuriKolarin illanvietossa kello 18-20 v\u00e4lisen\u00e4 aikanaPaikka: Kauppakuja 2, 95900 Kolari Mauri Pudas esitt\u00e4\u00e4 Oiva Arvolan saagoja KulttuuriKolarin illan vietossa lauantaina. Esitysaika on noin puoli tuntia. Tervetuloa uppoutumaan saagojen maailmaan! Saagat:Vaaran Artun koulunk\u00e4yntiUjoimman v\u00e4\u00e4rtin saaga\u00a0(riiuu ei luonnistu)Syytt\u00f6m\u00e4n miehen saaga(isyysep\u00e4ilyn kohtalokkaat seuraukset)Kuva Kimmo Sundstr\u00f6m<\/p>\n","protected":false},"author":2,"featured_media":0,"parent":0,"menu_order":0,"comment_status":"closed","ping_status":"closed","template":"","meta":{"footnotes":""},"class_list":["post-795","page","type-page","status-publish"],"_links":{"self":[{"href":"https:\/\/www.kulttuurikolari.fi\/index.php?rest_route=\/wp\/v2\/pages\/795","targetHints":{"allow":["GET"]}}],"collection":[{"href":"https:\/\/www.kulttuurikolari.fi\/index.php?rest_route=\/wp\/v2\/pages"}],"about":[{"href":"https:\/\/www.kulttuurikolari.fi\/index.php?rest_route=\/wp\/v2\/types\/page"}],"author":[{"embeddable":true,"href":"https:\/\/www.kulttuurikolari.fi\/index.php?rest_route=\/wp\/v2\/users\/2"}],"replies":[{"embeddable":true,"href":"https:\/\/www.kulttuurikolari.fi\/index.php?rest_route=%2Fwp%2Fv2%2Fcomments&post=795"}],"version-history":[{"count":2,"href":"https:\/\/www.kulttuurikolari.fi\/index.php?rest_route=\/wp\/v2\/pages\/795\/revisions"}],"predecessor-version":[{"id":799,"href":"https:\/\/www.kulttuurikolari.fi\/index.php?rest_route=\/wp\/v2\/pages\/795\/revisions\/799"}],"wp:attachment":[{"href":"https:\/\/www.kulttuurikolari.fi\/index.php?rest_route=%2Fwp%2Fv2%2Fmedia&parent=795"}],"curies":[{"name":"wp","href":"https:\/\/api.w.org\/{rel}","templated":true}]}}