{"id":943,"date":"2019-06-27T06:52:19","date_gmt":"2019-06-27T06:52:19","guid":{"rendered":"https:\/\/www.kulttuurikolari.fi\/?page_id=943"},"modified":"2019-06-27T06:52:19","modified_gmt":"2019-06-27T06:52:19","slug":"kylienkolari-hanke-esittaytyy-ja-tarjoaa-kakkukahvit","status":"publish","type":"page","link":"https:\/\/www.kulttuurikolari.fi\/?page_id=943","title":{"rendered":"KylienKolari-hanke esitt\u00e4ytyy ja tarjoaa kakkukahvit"},"content":{"rendered":"\n<div class=\"wp-block-cover has-background-dim\" style=\"background-image:url(https:\/\/www.kulttuurikolari.fi\/wp-content\/uploads\/2019\/06\/kuvituskuva_pasmaj\u00e4rvikalastus-4-1024x683.jpg)\"><div class=\"wp-block-cover__inner-container is-layout-flow wp-block-cover-is-layout-flow\">\n<h2 class=\"wp-block-heading\" style=\"text-align:center\">Markkinoinnin SM-hopeaa voittanut KylienKolari-hanke esitt\u00e4ytyy ja tarjoaa kakkukahvit<\/h2>\n<\/div><\/div>\n\n\n\n<h2 class=\"wp-block-heading\">Perjantai 28.6.<\/h2>\n\n\n\n<h4 class=\"wp-block-heading\">Kello 16<br>Kauppakuja 2 pihan teltta<\/h4>\n\n\n\n<p>Markkinoinnin SM-hopeaa voittanut KylienKolari-hanke esitt\u00e4ytyy ja tarjoaa kakkukahvit Kauppakuja 2 -osoitteen pihapiirist\u00e4 l\u00f6ytyv\u00e4ll\u00e4 teltalla. Tule kuuntelemaan valtakunnan tasolla tunnustusta saanutta upeaa Kolarin hanketta, jossa p\u00e4\u00e4osassa ovat Kolarin 16 kyl\u00e4\u00e4 ja kyl\u00e4l\u00e4iset itse!<\/p>\n\n\n\n<p>Paikalla tavattavissa ovat KylienKolari-hankkeen projektip\u00e4\u00e4llikk\u00f6 Jyrki Vaattovaara, kunnan kehitysjohtaja Nina-Maria M\u00f6ykkynen sek\u00e4 kunnanhallituksen puheenjohtaja Helena Kaikkonen-Tiensuu. <\/p>\n\n\n\n<p>KylienKolari-hanke on Kolarin kylien kehitt\u00e4mishanke, jossa tarinallinen kyl\u00e4matkailu vie sinut Yll\u00e4stunturin tuhansia metrej\u00e4 korkealta huipulta aina Lappean suurkaupunkiin, kolarilaiseen perim\u00e4tietoon ja lappilaiseen v\u00e4rikyn\u00e4\u00e4n tukeutuen.<\/p>\n\n\n\n<p class=\"has-text-color has-vivid-cyan-blue-color\"><a href=\"http:\/\/kylienkolari.fi\/\">Tutustu hankkeeseen ja Kolarin kyliin tarkemmin KylienKolarin nettisivuilla<\/a><\/p>\n\n\n\n<figure class=\"wp-block-embed-youtube aligncenter wp-block-embed is-type-video is-provider-youtube wp-embed-aspect-16-9 wp-has-aspect-ratio\"><div class=\"wp-block-embed__wrapper\">\n<iframe loading=\"lazy\" title=\"Kylien Kolari\" width=\"800\" height=\"450\" src=\"https:\/\/www.youtube.com\/embed\/_Atp3sCrvYc?feature=oembed\" frameborder=\"0\" allow=\"accelerometer; autoplay; encrypted-media; gyroscope; picture-in-picture\" allowfullscreen><\/iframe>\n<\/div><\/figure>\n\n\n\n<figure class=\"wp-block-image\"><img loading=\"lazy\" decoding=\"async\" width=\"1024\" height=\"731\" src=\"https:\/\/www.kulttuurikolari.fi\/wp-content\/uploads\/2019\/06\/kuvituskuva_syksy-2-1024x731.jpg\" alt=\"\" class=\"wp-image-949\" srcset=\"https:\/\/www.kulttuurikolari.fi\/wp-content\/uploads\/2019\/06\/kuvituskuva_syksy-2-1024x731.jpg 1024w, https:\/\/www.kulttuurikolari.fi\/wp-content\/uploads\/2019\/06\/kuvituskuva_syksy-2-300x214.jpg 300w, https:\/\/www.kulttuurikolari.fi\/wp-content\/uploads\/2019\/06\/kuvituskuva_syksy-2-768x549.jpg 768w\" sizes=\"auto, (max-width: 1024px) 100vw, 1024px\" \/><figcaption>Kuva: Pete Huttunen<br>Kolarin kunta \/ Leader Tunturi-Lappi ry<\/figcaption><\/figure>\n\n\n\n<div class=\"wp-block-image\"><figure class=\"aligncenter\"><img loading=\"lazy\" decoding=\"async\" width=\"1024\" height=\"283\" src=\"https:\/\/www.kulttuurikolari.fi\/wp-content\/uploads\/2019\/06\/kylienkolari_logo-2-1024x283.png\" alt=\"\" class=\"wp-image-945\" srcset=\"https:\/\/www.kulttuurikolari.fi\/wp-content\/uploads\/2019\/06\/kylienkolari_logo-2-1024x283.png 1024w, https:\/\/www.kulttuurikolari.fi\/wp-content\/uploads\/2019\/06\/kylienkolari_logo-2-300x83.png 300w, https:\/\/www.kulttuurikolari.fi\/wp-content\/uploads\/2019\/06\/kylienkolari_logo-2-768x212.png 768w\" sizes=\"auto, (max-width: 1024px) 100vw, 1024px\" \/><\/figure><\/div>\n","protected":false},"excerpt":{"rendered":"<p>Perjantai 28.6. Kello 16Kauppakuja 2 pihan teltta Markkinoinnin SM-hopeaa voittanut KylienKolari-hanke esitt\u00e4ytyy ja tarjoaa kakkukahvit Kauppakuja 2 -osoitteen pihapiirist\u00e4 l\u00f6ytyv\u00e4ll\u00e4 teltalla. Tule kuuntelemaan valtakunnan tasolla tunnustusta saanutta upeaa Kolarin hanketta, jossa p\u00e4\u00e4osassa ovat Kolarin 16 kyl\u00e4\u00e4 ja kyl\u00e4l\u00e4iset itse! Paikalla tavattavissa ovat KylienKolari-hankkeen projektip\u00e4\u00e4llikk\u00f6 Jyrki Vaattovaara, kunnan kehitysjohtaja Nina-Maria M\u00f6ykkynen sek\u00e4 kunnanhallituksen puheenjohtaja Helena Kaikkonen-Tiensuu. KylienKolari-hanke on Kolarin kylien kehitt\u00e4mishanke, jossa tarinallinen kyl\u00e4matkailu vie sinut Yll\u00e4stunturin tuhansia metrej\u00e4 korkealta huipulta aina Lappean suurkaupunkiin, kolarilaiseen perim\u00e4tietoon ja lappilaiseen v\u00e4rikyn\u00e4\u00e4n tukeutuen. Tutustu hankkeeseen ja Kolarin kyliin tarkemmin KylienKolarin nettisivuilla<\/p>\n","protected":false},"author":2,"featured_media":0,"parent":0,"menu_order":0,"comment_status":"closed","ping_status":"closed","template":"","meta":{"footnotes":""},"class_list":["post-943","page","type-page","status-publish"],"_links":{"self":[{"href":"https:\/\/www.kulttuurikolari.fi\/index.php?rest_route=\/wp\/v2\/pages\/943","targetHints":{"allow":["GET"]}}],"collection":[{"href":"https:\/\/www.kulttuurikolari.fi\/index.php?rest_route=\/wp\/v2\/pages"}],"about":[{"href":"https:\/\/www.kulttuurikolari.fi\/index.php?rest_route=\/wp\/v2\/types\/page"}],"author":[{"embeddable":true,"href":"https:\/\/www.kulttuurikolari.fi\/index.php?rest_route=\/wp\/v2\/users\/2"}],"replies":[{"embeddable":true,"href":"https:\/\/www.kulttuurikolari.fi\/index.php?rest_route=%2Fwp%2Fv2%2Fcomments&post=943"}],"version-history":[{"count":4,"href":"https:\/\/www.kulttuurikolari.fi\/index.php?rest_route=\/wp\/v2\/pages\/943\/revisions"}],"predecessor-version":[{"id":950,"href":"https:\/\/www.kulttuurikolari.fi\/index.php?rest_route=\/wp\/v2\/pages\/943\/revisions\/950"}],"wp:attachment":[{"href":"https:\/\/www.kulttuurikolari.fi\/index.php?rest_route=%2Fwp%2Fv2%2Fmedia&parent=943"}],"curies":[{"name":"wp","href":"https:\/\/api.w.org\/{rel}","templated":true}]}}